{"id":3664,"date":"2021-07-12T19:45:23","date_gmt":"2021-07-12T19:45:23","guid":{"rendered":"http:\/\/coloniaavellaneda.gob.ar\/wordpress\/?page_id=3664"},"modified":"2023-05-10T14:58:15","modified_gmt":"2023-05-10T14:58:15","slug":"catastro","status":"publish","type":"page","link":"https:\/\/coloniaavellaneda.gob.ar\/web\/catastro\/","title":{"rendered":"CATASTRO"},"content":{"rendered":"<p>[et_pb_section fb_built=\u00bb1&#8243; admin_label=\u00bbsection\u00bb _builder_version=\u00bb4.16&#8243; global_colors_info=\u00bb{}\u00bb][et_pb_row admin_label=\u00bbrow\u00bb _builder_version=\u00bb4.16&#8243; background_size=\u00bbinitial\u00bb background_position=\u00bbtop_left\u00bb background_repeat=\u00bbrepeat\u00bb global_colors_info=\u00bb{}\u00bb][et_pb_column type=\u00bb4_4&#8243; _builder_version=\u00bb4.16&#8243; custom_padding=\u00bb|||\u00bb global_colors_info=\u00bb{}\u00bb custom_padding__hover=\u00bb|||\u00bb][et_pb_text admin_label=\u00bbText\u00bb _builder_version=\u00bb4.16&#8243; background_size=\u00bbinitial\u00bb background_position=\u00bbtop_left\u00bb background_repeat=\u00bbrepeat\u00bb custom_padding=\u00bb||0px|||\u00bb global_colors_info=\u00bb{}\u00bb]<\/p>\n<h1>\u00a0 CATASTRO<\/h1>\n<h6><strong>Funciones del \u00c1rea Catastro<\/strong><\/h6>\n<p>Establecer el estado parcelario y dominial de los inmuebles que componen el\u00a0territorio municipal.<\/p>\n<p>Intervenir y controlar en todas las operaciones de mensura, divisi\u00f3n, PH y loteos que se realicen en la localidad, efectuando su registro, sin perjuicio de la responsabilidad de los profesionales actuantes.<\/p>\n<p style=\"text-align: left;\">Actualizaci\u00f3n permanente de la titularidad del dominio de cada parcela.<\/p>\n<p style=\"text-align: left;\">Actualizar permanentemente en base a la incorporaci\u00f3n de mejoras.<\/p>\n<h6 style=\"text-align: left;\"><strong>Trabajos realizados<\/strong><\/h6>\n<p style=\"text-align: left;\">Es en base a lo anterior, esta oficina realiza las siguientes tareas.<br \/>_Visaci\u00f3n: planos de censura..<br \/>_fichas de transferencia.<br \/>_planos de relevamiento.<br \/>_Impresiones de planos o planchetas requeridos por contribuyentes para ser<br \/>presentados a diferentes organismos como as\u00ed tambi\u00e9n por otras \u00e1reas municipales y\/o personal jer\u00e1rquico.\u00a0 \u00a0 \u00a0 \u00a0 \u00a0 \u00a0 \u00a0 \u00a0 \u00a0 \u00a0 \u00a0 \u00a0 \u00a0 \u00a0 \u00a0 \u00a0 _Impresiones de fichas catastrales (datos de propietarios de inmuebles) requeridos por distintas \u00e1reas como por ejemplo Obras P\u00fablicas e Inspecciones.\u00a0 \u00a0 \u00a0 \u00a0 \u00a0 \u00a0 \u00a0 \u00a0 \u00a0 \u00a0 \u00a0 \u00a0 \u00a0<\/p>\n<p style=\"text-align: left;\">_Responder diferentes consultas de:<br \/>\u2022 Agrimensores<br \/>\u2022 Escribanos,<br \/>\u2022 Abogados<br \/>\u2022 Contribuyentes<\/p>\n<p style=\"text-align: left;\">_Registraci\u00f3n de escrituras y\/o boletos de compraventa.<br \/>_Permanente actualizaci\u00f3n de la base de datos inmobiliaria en lo que se refiere a:<br \/>a) Titularidad.<br \/>b) Domicilio postal.<br \/>c) Superficie de mejoras.<br \/>d) Subdivisi\u00f3nes.<br \/>_Control y correcci\u00f3n de diferentes expedientes referente a nuevos loteos.<br \/>_Presentaci\u00f3n de proyecto de Ordenanza T.C.W., (Ordenanza 22\/2020)<br \/>debido a que Catastro Provincial implemento el Tramite Catastral Web en el marco de la pandemia<br \/>desde el \u00e1rea catastral municipal se adopta la misma modalidad para disminuir la atenci\u00f3n<br \/>personalizada.<\/p>\n<p style=\"text-align: left;\">Dentro del marco de la pandemia Covid- 19 y la implementaci\u00f3n de la<br \/>Ordenanza 22\/2020, desde el \u00e1rea Catastro Municipal, tambi\u00e9n se presenta el proyecto de ordenanza<br \/>REGISTRO DIGITAL MUNCIPAL (Ordenanza 28\/2020), orientado a los profesionales notarios<br \/>para poder inscribir los t\u00edtulos de propiedad v\u00eda mail facilitando y agilizando la registraci\u00f3n de las<br \/>escrituras.-<\/p>\n<p style=\"text-align: left;\">Adem\u00e1s coordinaci\u00f3n de diferentes tareas con otras \u00e1reas como por ejemplo: Habilitaciones, Inspecciones, Obras Privadas, Obras Publicas, etc.-<\/p>\n<h4>Contacto<\/h4>\n<p><!-- tg-module-title-wrap --><br \/>Cont\u00e1ctate con nosotros<\/p>\n<ul>\n<li>Telefonos: 4076744\/ 4070133 Int: 103<\/li>\n<li><a href=\"mailto:catastro@coloniaavellaneda.gob.ar\">catastro@coloniaavellaneda.gob.ar<\/a><\/li>\n<li>Ruta 12 Esquina Col\u00f3n.<\/li>\n<\/ul>\n<p>Encu\u00e9ntranos<br \/><iframe frameborder=\"0\" scrolling=\"no\" marginheight=\"0\" marginwidth=\"0\" src=\"https:\/\/maps.google.com\/maps?q=6HPQ%2BC4%20Col.%20Avellaneda%2C%20Entre%20R%C3%ADos%2C%20Argentina&amp;t=m&amp;z=10&amp;output=embed&amp;iwloc=near\" title=\"6HPQ+C4 Col. Avellaneda, Entre R\u00edos, Argentina\" aria-label=\"6HPQ+C4 Col. Avellaneda, Entre R\u00edos, Argentina\"><\/iframe><br \/><a target=\"_blank\" rel=\"noopener\"><br \/><\/a><\/p>\n<p>[\/et_pb_text][\/et_pb_column][\/et_pb_row][\/et_pb_section]<\/p>\n","protected":false},"excerpt":{"rendered":"<p>\u00a0 CATASTRO Funciones del \u00c1rea Catastro Establecer el estado parcelario y dominial de los inmuebles que componen el\u00a0territorio municipal. Intervenir y controlar en todas las operaciones de mensura, divisi\u00f3n, PH y loteos que se realicen en la localidad, efectuando su registro, sin perjuicio de la responsabilidad de los profesionales actuantes. Actualizaci\u00f3n permanente de la titularidad [&hellip;]<\/p>\n","protected":false},"author":1,"featured_media":0,"parent":0,"menu_order":0,"comment_status":"closed","ping_status":"closed","template":"","meta":{"_et_pb_use_builder":"on","_et_pb_old_content":"<h1>CATASTRO<\/h1>\t\t\n\t\t<h6><strong>Funciones del \u00c1rea Catastro<\/strong><\/h6><p><br \/>Establecer el estado parcelario y dominial de los inmuebles que componen el\u00a0territorio municipal.<\/p><p>Intervenir y controlar en todas las operaciones de mensura, divisi\u00f3n, PH y loteos que se realicen en la localidad, efectuando su registro, sin perjuicio de la responsabilidad de los profesionales actuantes.<\/p><p style=\"text-align: left;\">Actualizaci\u00f3n permanente de la titularidad del dominio de cada parcela.<\/p><p style=\"text-align: left;\"><br \/>Actualizar permanentemente en base a la incorporaci\u00f3n de mejoras.<\/p><h6 style=\"text-align: left;\"><br \/><strong>Trabajos realizados<\/strong><\/h6><p style=\"text-align: left;\">Es en base a lo anterior, esta oficina realiza las siguientes tareas.<br \/>_Visaci\u00f3n: planos de censura..<br \/>_fichas de transferencia.<br \/>_planos de relevamiento.<br \/>_Impresiones de planos o planchetas requeridos por contribuyentes para ser<br \/>presentados a diferentes organismos como as\u00ed tambi\u00e9n por otras \u00e1reas municipales y\/o personal jer\u00e1rquico.\u00a0 \u00a0 \u00a0 \u00a0 \u00a0 \u00a0 \u00a0 \u00a0 \u00a0 \u00a0 \u00a0 \u00a0 \u00a0 \u00a0 \u00a0 \u00a0 _Impresiones de fichas catastrales (datos de propietarios de inmuebles) requeridos por distintas \u00e1reas como por ejemplo Obras P\u00fablicas e Inspecciones.\u00a0 \u00a0 \u00a0 \u00a0 \u00a0 \u00a0 \u00a0 \u00a0 \u00a0 \u00a0 \u00a0 \u00a0 \u00a0<\/p><p style=\"text-align: left;\">_Responder diferentes consultas de:<br \/>\u2022 Agrimensores<br \/>\u2022 Escribanos,<br \/>\u2022 Abogados<br \/>\u2022 Contribuyentes<\/p><p style=\"text-align: left;\">_Registraci\u00f3n de escrituras y\/o boletos de compraventa.<br \/>_Permanente actualizaci\u00f3n de la base de datos inmobiliaria en lo que se refiere a:<br \/>a) Titularidad.<br \/>b) Domicilio postal.<br \/>c) Superficie de mejoras.<br \/>d) Subdivisi\u00f3nes.<br \/>_Control y correcci\u00f3n de diferentes expedientes referente a nuevos loteos.<br \/>_Presentaci\u00f3n de proyecto de Ordenanza T.C.W., (Ordenanza 22\/2020)<br \/>debido a que Catastro Provincial implemento el Tramite Catastral Web en el marco de la pandemia<br \/>desde el \u00e1rea catastral municipal se adopta la misma modalidad para disminuir la atenci\u00f3n<br \/>personalizada.<\/p><p style=\"text-align: left;\">Dentro del marco de la pandemia Covid- 19 y la implementaci\u00f3n de la<br \/>Ordenanza 22\/2020, desde el \u00e1rea Catastro Municipal, tambi\u00e9n se presenta el proyecto de ordenanza<br \/>REGISTRO DIGITAL MUNCIPAL (Ordenanza 28\/2020), orientado a los profesionales notarios<br \/>para poder inscribir los t\u00edtulos de propiedad v\u00eda mail facilitando y agilizando la registraci\u00f3n de las<br \/>escrituras.-<\/p><p style=\"text-align: left;\">Adem\u00e1s coordinaci\u00f3n de diferentes tareas con otras \u00e1reas como por ejemplo: Habilitaciones, Inspecciones, Obras Privadas, Obras Publicas, etc.-<\/p>\t\t\n\t\t\t<h4>\n\t\t\t\tContacto\n\t\t\t<\/h4>\n\t\t<!-- tg-module-title-wrap -->\n\t\t\t\tCont\u00e1ctate con nosotros\t\t\t\t\n\t\t\t\t\t<ul>\n\t\t\t\t\t\t\t<li>\n\t\t\t\t\t\t\t\t\t<\/li>\n\t\t\t\t\t\t\t\t<li>\n\t\t\t\t\t\t\t\t\t\tcatastro@coloniaavellaneda.gob.ar\n\t\t\t\t\t\t\t\t\t<\/li>\n\t\t\t\t\t\t<\/ul>\n\t\t\t\tEncu\u00e9ntranos \t\t\t\t\n\t\t\t<iframe frameborder=\"0\" scrolling=\"no\" marginheight=\"0\" marginwidth=\"0\"\n\t\t\t\t\tsrc=\"https:\/\/maps.google.com\/maps?q=6HPQ%2BC4%20Col.%20Avellaneda%2C%20Entre%20R%C3%ADos%2C%20Argentina&#038;t=m&#038;z=10&#038;output=embed&#038;iwloc=near\"\n\t\t\t\t\ttitle=\"6HPQ+C4 Col. Avellaneda, Entre R\u00edos, Argentina\"\n\t\t\t\t\taria-label=\"6HPQ+C4 Col. Avellaneda, Entre R\u00edos, Argentina\"\n\t\t\t><\/iframe>\n\t\t\t\tS\u00edguenos \t\t\t\t\n\t\t\t\t\t<a target=\"_blank\" rel=\"noopener\">\n\t\t\t\t\t\tInstagram\n\t\t\t\t\t\t\t\t\t\t\t<\/a>\n\t\t\t<h3>Env\u00edanos un mensaje <\/h3>\t\t\n\t\t<p>Para cualquier consulta al <strong>\u00e1rea de Catastro<\/strong>, completa el siguiente formularios con tus datos.<\/p>[everest_form id=\"4737\"]","_et_gb_content_width":"","footnotes":""},"class_list":["post-3664","page","type-page","status-publish","hentry"],"_links":{"self":[{"href":"https:\/\/coloniaavellaneda.gob.ar\/web\/wp-json\/wp\/v2\/pages\/3664","targetHints":{"allow":["GET"]}}],"collection":[{"href":"https:\/\/coloniaavellaneda.gob.ar\/web\/wp-json\/wp\/v2\/pages"}],"about":[{"href":"https:\/\/coloniaavellaneda.gob.ar\/web\/wp-json\/wp\/v2\/types\/page"}],"author":[{"embeddable":true,"href":"https:\/\/coloniaavellaneda.gob.ar\/web\/wp-json\/wp\/v2\/users\/1"}],"replies":[{"embeddable":true,"href":"https:\/\/coloniaavellaneda.gob.ar\/web\/wp-json\/wp\/v2\/comments?post=3664"}],"version-history":[{"count":3,"href":"https:\/\/coloniaavellaneda.gob.ar\/web\/wp-json\/wp\/v2\/pages\/3664\/revisions"}],"predecessor-version":[{"id":5677,"href":"https:\/\/coloniaavellaneda.gob.ar\/web\/wp-json\/wp\/v2\/pages\/3664\/revisions\/5677"}],"wp:attachment":[{"href":"https:\/\/coloniaavellaneda.gob.ar\/web\/wp-json\/wp\/v2\/media?parent=3664"}],"curies":[{"name":"wp","href":"https:\/\/api.w.org\/{rel}","templated":true}]}}