{"id":3695,"date":"2021-07-12T19:41:59","date_gmt":"2021-07-12T19:41:59","guid":{"rendered":"http:\/\/coloniaavellaneda.gob.ar\/wordpress\/?page_id=3695"},"modified":"2024-08-22T14:55:06","modified_gmt":"2024-08-22T14:55:06","slug":"habilitaciones","status":"publish","type":"page","link":"https:\/\/coloniaavellaneda.gob.ar\/web\/habilitaciones\/","title":{"rendered":"Habilitaciones"},"content":{"rendered":"<p>[et_pb_section fb_built=\u00bb1&#8243; admin_label=\u00bbsection\u00bb _builder_version=\u00bb4.16&#8243; global_colors_info=\u00bb{}\u00bb][et_pb_row column_structure=\u00bb3_4,1_4&#8243; admin_label=\u00bbrow\u00bb _builder_version=\u00bb4.19.0&#8243; background_size=\u00bbinitial\u00bb background_position=\u00bbtop_left\u00bb background_repeat=\u00bbrepeat\u00bb custom_padding=\u00bb24px|||||\u00bb global_colors_info=\u00bb{}\u00bb][et_pb_column type=\u00bb3_4&#8243; _builder_version=\u00bb4.16&#8243; custom_padding=\u00bb|||\u00bb global_colors_info=\u00bb{}\u00bb custom_padding__hover=\u00bb|||\u00bb][et_pb_post_title meta=\u00bboff\u00bb featured_image=\u00bboff\u00bb _builder_version=\u00bb4.19.0&#8243; _module_preset=\u00bbdefault\u00bb title_text_color=\u00bb#000000&#8243; title_font_size=\u00bb36px\u00bb background_enable_mask_style=\u00bbon\u00bb background_mask_style=\u00bbhoneycomb\u00bb text_orientation=\u00bbcenter\u00bb animation_style=\u00bbzoom\u00bb box_shadow_style=\u00bbpreset3&#8243; global_colors_info=\u00bb{}\u00bb][\/et_pb_post_title][et_pb_divider color=\u00bb#E09900&#8243; divider_weight=\u00bb4px\u00bb _builder_version=\u00bb4.19.0&#8243; _module_preset=\u00bbdefault\u00bb global_colors_info=\u00bb{}\u00bb][\/et_pb_divider][et_pb_text admin_label=\u00bbText\u00bb _builder_version=\u00bb4.16&#8243; background_size=\u00bbinitial\u00bb background_position=\u00bbtop_left\u00bb background_repeat=\u00bbrepeat\u00bb min_height=\u00bb207.2px\u00bb global_colors_info=\u00bb{}\u00bb]<\/p>\n<h2>Obtenci\u00f3n de la Habilitaci\u00f3n<\/h2>\n<p>Permite la habilitaci\u00f3n de establecimientos o superficies en los que se desarrollen las tareas y funciones propias de comercios, servicios, industrias, actividades civiles y afines y en los que se verifiquen adecuadas condiciones edilicias, el\u00e9ctricas, higi\u00e9nico\/sanitarias y ambientales.<\/p>\n<p><strong>POR CONSULTAS<\/strong>:<\/p>\n<p>Comunicarse v\u00eda mail: <a href=\"mailto:habilitacion@coloniaavellaneda.gob.ar\">habilitacion@coloniaavellaneda.gob.ar<\/a><\/p>\n<p>&nbsp;<\/p>\n<ul style=\"text-align: center;\">Hallar\u00e1 m\u00e1s informaci\u00f3n en las siguientes pesta\u00f1as:<\/ul>\n<p>[\/et_pb_text][et_pb_tabs _builder_version=\u00bb4.19.0&#8243; _module_preset=\u00bbdefault\u00bb width=\u00bb100%\u00bb max_width=\u00bb100%\u00bb height_tablet=\u00bb\u00bb height_phone=\u00bb\u00bb height_last_edited=\u00bbon|phone\u00bb custom_margin=\u00bb||66px|||\u00bb custom_padding=\u00bb||83px|||\u00bb global_colors_info=\u00bb{}\u00bb][et_pb_tab title=\u00bbDetalles\u00bb _builder_version=\u00bb4.19.0&#8243; _module_preset=\u00bbdefault\u00bb global_colors_info=\u00bb{}\u00bb]<\/p>\n<h2 style=\"text-align: left;\">\u00bfCu\u00e1ndo debe realizarse?<\/h2>\n<p style=\"text-align: left;\">&#8211; Habilitaci\u00f3n comercial: previamente al inicio de la actividad comercial y una vez alcanzado el alta tributaria en Tesorer\u00eda del Municipio de Colonia Avellaneda.<\/p>\n<p>&#8211; Rehabilitaci\u00f3n comercial: la renovaci\u00f3n se podr\u00e1 realizar desde los 30 d\u00edas h\u00e1biles previos y hasta los 30 d\u00edas h\u00e1biles posteriores a la fecha de vencimiento de la habilitaci\u00f3n original.<\/p>\n<h2>\u00bfQui\u00e9n puede realizarlo?<\/h2>\n<p>Titular o representante con la autorizaci\u00f3n legal correspondiente efectuada ante personal de la Direcci\u00f3n de Habilitaciones o por Escribano\/a.<\/p>\n<h2>\u00bfCu\u00e1nto demora el tr\u00e1mite?<\/h2>\n<p>Reunida la documentaci\u00f3n solicitada y verificadas las condiciones t\u00e9cnicas del local se producir\u00e1 la resoluci\u00f3n del expediente.<\/p>\n<p>[\/et_pb_tab][et_pb_tab title=\u00bbRequisitos\u00bb _builder_version=\u00bb4.19.0&#8243; _module_preset=\u00bbdefault\u00bb global_colors_info=\u00bb{}\u00bb]<\/p>\n<p>Para conocer los ejes principales del tr\u00e1mite, los requisitos generales y las preguntas frecuentes, descargar el siguiente archivo:<\/p>\n<p><a href=\"https:\/\/coloniaavellaneda.gob.ar\/web\/wp-content\/uploads\/2024\/08\/Requisitos-Habilitaciones.pdf\">Descargar requisitos de Habilitaci\u00f3n<\/a><\/p>\n<p>[\/et_pb_tab][et_pb_tab title=\u00bb\u00c1reas involucradas\u00bb _builder_version=\u00bb4.19.0&#8243; _module_preset=\u00bbdefault\u00bb global_colors_info=\u00bb{}\u00bb]<\/p>\n<p><strong>El tr\u00e1mite se inicia en Habilitaciones Comerciales<\/strong>.<\/p>\n<p>Cumplimentada la primera etapa del tr\u00e1mite, el contribuyente deber\u00e1 dirigirse a:<\/p>\n<p>Direcci\u00f3n de Catastro (Prado Espa\u00f1ol).-<\/p>\n<p>Direcci\u00f3n de Obras Privadas (Prado Espa\u00f1ol).-<\/p>\n<p>Direcci\u00f3n de Medio Ambiente (Prado Espa\u00f1ol).-<\/p>\n<p>Tesorer\u00eda del Municipio \u00a0(Moreno, entre Y\u00e1\u00f1ez Mart\u00edn y G\u00fcemes).<\/p>\n<p>[\/et_pb_tab][et_pb_tab title=\u00bbHorarios y costos\u00bb _builder_version=\u00bb4.19.0&#8243; _module_preset=\u00bbdefault\u00bb global_colors_info=\u00bb{}\u00bb]<\/p>\n<p>De 09.00 h a 12:30 h<\/p>\n<p>El costo var\u00eda seg\u00fan la superficie y\/u ordenanzas espec\u00edficas de aplicaci\u00f3n.<\/p>\n<p>[\/et_pb_tab][et_pb_tab title=\u00bbVigencia\u00bb _builder_version=\u00bb4.19.0&#8243; _module_preset=\u00bbdefault\u00bb global_colors_info=\u00bb{}\u00bb]<\/p>\n<p>Concluido el tr\u00e1mite en forma favorable mantendr\u00e1 la vigencia de un a\u00f1o; de dos para empresas, renovable bajo sistema de declaraci\u00f3n jurada en tanto se mantengan propietario, superficie de explotaci\u00f3n y rubro original.<\/p>\n<h2>Entrega de documentaci\u00f3n<\/h2>\n<p>Al finalizar el tr\u00e1mite, el municipio remite a la persona interesada una copia de la Resoluci\u00f3n de Habilitaci\u00f3n<\/p>\n<p>[\/et_pb_tab][\/et_pb_tabs][\/et_pb_column][et_pb_column type=\u00bb1_4&#8243; _builder_version=\u00bb4.16&#8243; custom_padding=\u00bb|||\u00bb global_colors_info=\u00bb{}\u00bb custom_padding__hover=\u00bb|||\u00bb][et_pb_sidebar _builder_version=\u00bb4.19.0&#8243; _module_preset=\u00bbdefault\u00bb global_colors_info=\u00bb{}\u00bb][\/et_pb_sidebar][\/et_pb_column][\/et_pb_row][\/et_pb_section]<\/p>\n","protected":false},"excerpt":{"rendered":"<p>Obtenci\u00f3n de la Habilitaci\u00f3n Permite la habilitaci\u00f3n de establecimientos o superficies en los que se desarrollen las tareas y funciones propias de comercios, servicios, industrias, actividades civiles y afines y en los que se verifiquen adecuadas condiciones edilicias, el\u00e9ctricas, higi\u00e9nico\/sanitarias y ambientales. POR CONSULTAS: Comunicarse v\u00eda mail: habilitacion@coloniaavellaneda.gob.ar &nbsp; Hallar\u00e1 m\u00e1s informaci\u00f3n en las siguientes [&hellip;]<\/p>\n","protected":false},"author":1,"featured_media":0,"parent":0,"menu_order":0,"comment_status":"closed","ping_status":"closed","template":"","meta":{"_et_pb_use_builder":"on","_et_pb_old_content":"<h2>Obtenci\u00f3n de la Habilitaci\u00f3n<\/h2>\t\t\n\t\t<p>Permite la habilitaci\u00f3n de establecimientos o superficies en los que se desarrollen las tareas y funciones propias de comercios, servicios, industrias, actividades civiles y afines y en los que se verifiquen adecuadas condiciones edilicias, el\u00e9ctricas, higi\u00e9nico\/sanitarias y ambientales.<\/p><p><strong>POR CONSULTAS<\/strong>:<\/p><p>Comunicarse v\u00eda mail: habilitacion@coloniaavellaneda.gob.ar<\/p>\t\t\n\t\t\t<h6>\u00bfCu\u00e1ndo debe realizarse?<\/h6>\t\t\n\t\t<p style=\"text-align: left;\">- Habilitaci\u00f3n comercial: previamente al inicio de la actividad comercial y una vez alcanzado el alta tributaria en Tesorer\u00eda del Municipio de Colonia Avellaneda.<\/p><p>- Rehabilitaci\u00f3n comercial: la renovaci\u00f3n se podr\u00e1 realizar desde los 30 d\u00edas h\u00e1biles previos y hasta los 30 d\u00edas h\u00e1biles posteriores a la fecha de vencimiento de la habilitaci\u00f3n original.<\/p>\t\t\n\t\t\t<h6>Requisitos<\/h6>\t\t\n\t\t<p>Para conocer los ejes principales del tr\u00e1mite, los requisitos generales y las preguntas frecuentes, se debe descargar el archivo que se encuentra adjunto al pie de p\u00e1gina.\u00a0<\/p>\t\t\n\t\t\t<h6>\u00c1reas involucradas<\/h6>\t\t\n\t\t<p><strong>El tr\u00e1mite se inicia en Habilitaciones Comerciales<\/strong>.<\/p><p>Cumplimentada la primera etapa del tr\u00e1mite, el contribuyente deber\u00e1 dirigirse a:<\/p><p>Direcci\u00f3n de Catastro (Prado Espa\u00f1ol).-<\/p><p>Direcci\u00f3n de Obras Privadas (Prado Espa\u00f1ol).-<\/p><p>Direcci\u00f3n de Medio Ambiente (Prado Espa\u00f1ol).-<\/p><p>Tesorer\u00eda del Municipio \u00a0(Moreno, entre Y\u00e1\u00f1ez Mart\u00edn y G\u00fcemes).<\/p>\t\t\n\t\t\t<h6>Horarios<\/h6>\t\t\n\t\t<p>09.00hs a 12:30hs<\/p>\t\t\n\t\t\t<h6>\u00bfQui\u00e9n puede realizarlo?<\/h6>\t\t\n\t\t<p>Titular o representante con la autorizaci\u00f3n legal correspondiente efectuada ante personal de la Direcci\u00f3n de Habilitaciones o por Escribano\/a.<\/p>\t\t\n\t\t\t<h6>Costos<\/h6>\t\t\n\t\t<p>El costo var\u00eda seg\u00fan la superficie y\/u ordenanzas espec\u00edficas de aplicaci\u00f3n.<\/p>\t\t\n\t\t\t<h6>Vigencia<\/h6>\t\t\n\t\t<p>Concluido el tr\u00e1mite en forma favorable mantendr\u00e1 la vigencia de un a\u00f1o; de dos para empresas, renovable bajo sistema de declaraci\u00f3n jurada en tanto se mantengan propietario, superficie de explotaci\u00f3n y rubro original.<\/p>\t\t\n\t\t\t<h6>Demora del tr\u00e1mite<\/h6>\t\t\n\t\t<p>Reunida la documentaci\u00f3n solicitada y verificadas las condiciones t\u00e9cnicas del local se producir\u00e1 la resoluci\u00f3n del expediente.<\/p>\t\t\n\t\t\t<h6>Entrega de documentaci\u00f3n<\/h6>\t\t\n\t\t<p>Al finalizar el tr\u00e1mite, el municipio remite a la persona interesada una copia de la Resoluci\u00f3n de Habilitaci\u00f3n<\/p>\t\t\n\t\t\t\t\t<ul>\n\t\t\t\t\t\t\t<li>\n\t\t\t\t\t\t\t\t\t\t\t<a href=\"http:\/\/coloniaavellaneda.gob.ar\/wordpress\/wp-content\/uploads\/2021\/11\/REQUISITOS-DE-HABILITACION-COMERCIAL.pdf\">\n\t\t\t\t\t\t\t\t\t\tDescargar requisitos de Habilitaci\u00f3n\n\t\t\t\t\t\t\t\t\t\t\t<\/a>\n\t\t\t\t\t\t\t\t\t<\/li>\n\t\t\t\t\t\t<\/ul>","_et_gb_content_width":"","footnotes":""},"class_list":["post-3695","page","type-page","status-publish","hentry"],"_links":{"self":[{"href":"https:\/\/coloniaavellaneda.gob.ar\/web\/wp-json\/wp\/v2\/pages\/3695","targetHints":{"allow":["GET"]}}],"collection":[{"href":"https:\/\/coloniaavellaneda.gob.ar\/web\/wp-json\/wp\/v2\/pages"}],"about":[{"href":"https:\/\/coloniaavellaneda.gob.ar\/web\/wp-json\/wp\/v2\/types\/page"}],"author":[{"embeddable":true,"href":"https:\/\/coloniaavellaneda.gob.ar\/web\/wp-json\/wp\/v2\/users\/1"}],"replies":[{"embeddable":true,"href":"https:\/\/coloniaavellaneda.gob.ar\/web\/wp-json\/wp\/v2\/comments?post=3695"}],"version-history":[{"count":13,"href":"https:\/\/coloniaavellaneda.gob.ar\/web\/wp-json\/wp\/v2\/pages\/3695\/revisions"}],"predecessor-version":[{"id":5946,"href":"https:\/\/coloniaavellaneda.gob.ar\/web\/wp-json\/wp\/v2\/pages\/3695\/revisions\/5946"}],"wp:attachment":[{"href":"https:\/\/coloniaavellaneda.gob.ar\/web\/wp-json\/wp\/v2\/media?parent=3695"}],"curies":[{"name":"wp","href":"https:\/\/api.w.org\/{rel}","templated":true}]}}