{"id":3734,"date":"2021-07-12T20:03:26","date_gmt":"2021-07-12T20:03:26","guid":{"rendered":"http:\/\/coloniaavellaneda.gob.ar\/wordpress\/?page_id=3734"},"modified":"2023-05-18T12:48:27","modified_gmt":"2023-05-18T12:48:27","slug":"obras-privadas","status":"publish","type":"page","link":"https:\/\/coloniaavellaneda.gob.ar\/web\/obras-privadas\/","title":{"rendered":"OBRAS PRIVADAS"},"content":{"rendered":"<p>[et_pb_section fb_built=\u00bb1&#8243; admin_label=\u00bbsection\u00bb _builder_version=\u00bb4.16&#8243; global_colors_info=\u00bb{}\u00bb][et_pb_row admin_label=\u00bbrow\u00bb _builder_version=\u00bb4.16&#8243; background_size=\u00bbinitial\u00bb background_position=\u00bbtop_left\u00bb background_repeat=\u00bbrepeat\u00bb global_colors_info=\u00bb{}\u00bb][et_pb_column type=\u00bb4_4&#8243; _builder_version=\u00bb4.16&#8243; custom_padding=\u00bb|||\u00bb global_colors_info=\u00bb{}\u00bb custom_padding__hover=\u00bb|||\u00bb][et_pb_text admin_label=\u00bbText\u00bb _builder_version=\u00bb4.16&#8243; background_size=\u00bbinitial\u00bb background_position=\u00bbtop_left\u00bb background_repeat=\u00bbrepeat\u00bb global_colors_info=\u00bb{}\u00bb]<\/p>\n<h1>OBRAS PRIVADAS<\/h1>\n<h6><strong>PRESENTACION Y REGULARIZACION EDILICIA<\/strong><\/h6>\n<ul>\n<li>Contratar Profesional:\u00a0\u00a0\u00a0\u00a0<\/li>\n<\/ul>\n<p>\u00a0 \u00a0 \u00a0 \u00a0 \u00a0 \u00a0 \u00a0 \u00a0 \u00a0 \u00a0 \u00a0 \u00a0 \u00a0 \u00a0 \u00a0 \u00a0 \u00a0 \u00a0 \u00a0 _Arquitecto.<\/p>\n<p>\u00a0 \u00a0 \u00a0 \u00a0 \u00a0 \u00a0 \u00a0 \u00a0 \u00a0 \u00a0 \u00a0 \u00a0 \u00a0 \u00a0 \u00a0 \u00a0 \u00a0 \u00a0 \u00a0 _Maestro Mayor de Obras.<\/p>\n<p>\u00a0 \u00a0 \u00a0 \u00a0 \u00a0 \u00a0 \u00a0 \u00a0 \u00a0 \u00a0 \u00a0 \u00a0 \u00a0 \u00a0 \u00a0 \u00a0 \u00a0 \u00a0 \u00a0_Ingeniero Civil.<\/p>\n<ul>\n<li>El profesional tiene que estar inscripto en la Municipalidad. Los mismos se registran llenando una ficha que se les brinda en el \u00e1rea y junto con el pago de la inscripci\u00f3n y la constancia la matricula expedida por el colegio correspondiente debe ingresarse por mesa de entradas.<\/li>\n<li>Compra de carpeta de Relevamiento y\/o Proyecto: Se realiza la boleta de pago en el \u00e1rea de Obras Privadas y se obtiene en la caja municipal una vez que se abone. Dentro de la misma se encuentran los formularios acordes a la presentaci\u00f3n (Relevamiento o proyecto).<\/li>\n<\/ul>\n<h6><strong>REQUISITOS PARA PRESENTACION DE CARPETA DE PROYECTO:<\/strong><\/h6>\n<p>Cumpliendo leyes del Colegio de Profesionales de Entre R\u00edos<\/p>\n<ul>\n<li>Llenado de carpeta: Plano original (Film poli\u00e9ster) Arquitectura, Estructura y Planos Sanitarios (visado previo colegio profesional)<\/li>\n<\/ul>\n<p>\u00a0 \u00a0 \u00a0 \u00a0 \u00a0 \u00a0 \u00a0 \u00a0 \u00a0 \u00a0 \u00a0 \u00a0 \u00a0 \u00a0 \u00a0 \u00a0 \u00a0 Copias de planos: 4 de Arquitectura.<\/p>\n<p>\u00a0 \u00a0 \u00a0 \u00a0 \u00a0 \u00a0 \u00a0 \u00a0 \u00a0 \u00a0 \u00a0 \u00a0 \u00a0 \u00a0 \u00a0 \u00a0 \u00a0 \u00a0 \u00a0 \u00a0 \u00a0 \u00a0 \u00a0 \u00a0 \u00a0 \u00a0 \u00a0 \u00a0 \u00a0 \u00a0 \u00a0 \u00a0 \u00a0 \u00a0 \u00a0 \u00a0 \u00a0 4 de Estructura.<\/p>\n<p>\u00a0 \u00a0 \u00a0 \u00a0 \u00a0 \u00a0 \u00a0 \u00a0 \u00a0 \u00a0 \u00a0 \u00a0 \u00a0 \u00a0 \u00a0 \u00a0 \u00a0 \u00a0 \u00a0 \u00a0 \u00a0 \u00a0 \u00a0 \u00a0 \u00a0 \u00a0 \u00a0 \u00a0 \u00a0 \u00a0 \u00a0 \u00a0 \u00a0 \u00a0 \u00a0 \u00a0 \u00a0 4 Sanitarios<\/p>\n<p style=\"text-align: left;\">\u00a0 \u00a0 \u00a0 \u00a0 \u00a0 \u00a0 \u00a0 \u00a0 \u00a0 \u00a0 \u00a0 \u00a0 \u00a0 \u00a0 \u00a0 \u00a0 \u00a0 Fotocopia de D.N.I (propietario\/a).<\/p>\n<p style=\"text-align: left;\">\u00a0 \u00a0 \u00a0 \u00a0 \u00a0 \u00a0 \u00a0 \u00a0 \u00a0 \u00a0 \u00a0 \u00a0 \u00a0 \u00a0 \u00a0 \u00a0 \u00a0 Fotocopia de la escritura, boleto de compra venta o Convenio de Entrega de la Tenencia Precaria<\/p>\n<p style=\"text-align: left;\">\u00a0 \u00a0 \u00a0 \u00a0 \u00a0 \u00a0 \u00a0 \u00a0 \u00a0 \u00a0 \u00a0 \u00a0 \u00a0 \u00a0 \u00a0 \u00a0 \u00a0 Fotocopia de la mensura.<\/p>\n<p style=\"text-align: left;\">\u00a0 \u00a0 \u00a0 \u00a0 \u00a0 \u00a0 \u00a0 \u00a0 \u00a0 \u00a0 \u00a0 \u00a0 \u00a0 \u00a0 \u00a0 \u00a0 \u00a0 Formularios a llenar dentro de la carpeta<\/p>\n<p>Una vez finalizada la obra se deber\u00e1 solicitar y abonar una inspecci\u00f3n final de obra.<\/p>\n<p>&nbsp;<\/p>\n<h6><strong>REQUISITOS PARA PRESENTACION DE CARPETA DE RELEVAMIENTO<\/strong><\/h6>\n<p>Cumpliendo leyes del Colegio de Profesionales de Entre R\u00edos<\/p>\n<ul>\n<li>Llenado de carpeta: Plano original (Film poli\u00e9ster) Arquitectura y Sanitario (visado previo colegio profesional)<\/li>\n<\/ul>\n<p>\u00a0 \u00a0 \u00a0 \u00a0 \u00a0 \u00a0 \u00a0 \u00a0 \u00a0 \u00a0 \u00a0 \u00a0 \u00a0 \u00a0 \u00a0 Copias de planos: 3 de Arquitectura.<\/p>\n<p>\u00a0 \u00a0 \u00a0 \u00a0 \u00a0 \u00a0 \u00a0 \u00a0 \u00a0 \u00a0 \u00a0 \u00a0 \u00a0 \u00a0 \u00a0 \u00a0 \u00a0 \u00a0 \u00a0 \u00a0 \u00a0 \u00a0 \u00a0 \u00a0 \u00a0 \u00a0 \u00a0 \u00a0 \u00a0 \u00a0 \u00a0 4\u00a0 de Sanitarios<\/p>\n<p>\u00a0\u00a0\u00a0\u00a0\u00a0\u00a0\u00a0\u00a0\u00a0\u00a0\u00a0\u00a0\u00a0\u00a0\u00a0\u00a0\u00a0\u00a0\u00a0\u00a0\u00a0\u00a0\u00a0\u00a0\u00a0\u00a0\u00a0\u00a0\u00a0\u00a0 Fotocopia de D.N.I (propietario\/a).<\/p>\n<p>\u00a0 \u00a0 \u00a0 \u00a0 \u00a0 \u00a0 \u00a0 \u00a0 \u00a0 \u00a0 \u00a0 \u00a0 \u00a0 \u00a0 \u00a0 \u00a0Fotocopia de la escritura, boleto de compra venta o Convenio de Entrega de la Tenencia Precaria<\/p>\n<p>\u00a0 \u00a0 \u00a0 \u00a0 \u00a0 \u00a0 \u00a0 \u00a0 \u00a0 \u00a0 \u00a0 \u00a0 \u00a0 \u00a0 \u00a0 \u00a0Fotocopia de la mensura.<\/p>\n<p>\u00a0\u00a0\u00a0\u00a0\u00a0\u00a0\u00a0\u00a0\u00a0\u00a0\u00a0\u00a0\u00a0\u00a0\u00a0\u00a0\u00a0\u00a0\u00a0\u00a0\u00a0\u00a0\u00a0\u00a0\u00a0\u00a0\u00a0\u00a0 \u00a0 Formularios a llenar dentro de la carpeta\u00a0\u00a0\u00a0\u00a0\u00a0\u00a0\u00a0\u00a0\u00a0\u00a0\u00a0\u00a0\u00a0\u00a0\u00a0\u00a0\u00a0\u00a0\u00a0\u00a0\u00a0\u00a0\u00a0\u00a0 \u00a0\u00a0\u00a0\u00a0\u00a0\u00a0\u00a0\u00a0<\/p>\n<ul>\n<li>Luego de entregar la carpeta en el \u00e1rea y ser revisada la documentaci\u00f3n, se realizar\u00e1 la liquidaci\u00f3n correspondiente en base a los m2 que se declaren. La boleta de pago se realiza en el \u00e1rea y se abona en la caja municipal, en un entre r\u00edos servicios o mediante el bot\u00f3n de pago de la p\u00e1gina web de la Municipalidad.<\/li>\n<\/ul>\n<ul>\n<li>Una vez abonada la liquidaci\u00f3n se aprobara y sellara la carpeta en las \u00e1reas correspondientes.<\/li>\n<\/ul>\n<ul>\n<li>Finalizado el tr\u00e1mite de la misma se le dar\u00e1 al propietario las copias de los planos aprobados.<\/li>\n<\/ul>\n<p>&nbsp;<\/p>\n<h6>\u00a0\u00a0\u00a0\u00a0\u00a0\u00a0\u00a0\u00a0\u00a0\u00a0\u00a0\u00a0\u00a0\u00a0\u00a0\u00a0\u00a0<strong> CONTACTO DE LA OFICINA:<\/strong><\/h6>\n<ul>\n<li>Direcci\u00f3n: Ruta Nacional N\u00b012 y Ciudad de Colon<\/li>\n<li>E-mail: obrasprivadas@coloniaavellaneda.gob.ar<\/li>\n<li>Tel\u00e9fono: (0343) 4076744\/ 4070133 Int: 106<\/li>\n<\/ul>\n<ul>\n<li><a href=\"http:\/\/coloniaavellaneda.gob.ar\/wordpress\/wp-content\/uploads\/2022\/05\/REQUISITOS-PARA-ENTREGA-DE-CARPETA-EDILICIA.pdf\" target=\"_blank\" rel=\"noopener\"><br \/>DESCARGAR PDF: REQUISITOS PARA ENTREGA DE CARPETA EDILICIA<br \/><\/a><\/li>\n<\/ul>\n<p>[\/et_pb_text][\/et_pb_column][\/et_pb_row][\/et_pb_section]<\/p>\n","protected":false},"excerpt":{"rendered":"<p>OBRAS PRIVADAS PRESENTACION Y REGULARIZACION EDILICIA Contratar Profesional:\u00a0\u00a0\u00a0\u00a0 \u00a0 \u00a0 \u00a0 \u00a0 \u00a0 \u00a0 \u00a0 \u00a0 \u00a0 \u00a0 \u00a0 \u00a0 \u00a0 \u00a0 \u00a0 \u00a0 \u00a0 \u00a0 \u00a0 _Arquitecto. \u00a0 \u00a0 \u00a0 \u00a0 \u00a0 \u00a0 \u00a0 \u00a0 \u00a0 \u00a0 \u00a0 \u00a0 \u00a0 \u00a0 \u00a0 \u00a0 \u00a0 \u00a0 \u00a0 _Maestro Mayor de Obras. \u00a0 \u00a0 \u00a0 \u00a0 [&hellip;]<\/p>\n","protected":false},"author":1,"featured_media":0,"parent":0,"menu_order":0,"comment_status":"closed","ping_status":"closed","template":"","meta":{"_et_pb_use_builder":"on","_et_pb_old_content":"<h1>OBRAS PRIVADAS<\/h1>\t\t\n\t\t<h6><strong>PRESENTACION Y REGULARIZACION EDILICIA<\/strong><\/h6><ul><li>Contratar Profesional:\u00a0\u00a0\u00a0\u00a0<\/li><\/ul><p>\u00a0 \u00a0 \u00a0 \u00a0 \u00a0 \u00a0 \u00a0 \u00a0 \u00a0 \u00a0 \u00a0 \u00a0 \u00a0 \u00a0 \u00a0 \u00a0 \u00a0 \u00a0 \u00a0 _Arquitecto.<\/p><p>\u00a0 \u00a0 \u00a0 \u00a0 \u00a0 \u00a0 \u00a0 \u00a0 \u00a0 \u00a0 \u00a0 \u00a0 \u00a0 \u00a0 \u00a0 \u00a0 \u00a0 \u00a0 \u00a0 _Maestro Mayor de Obras.<\/p><p>\u00a0 \u00a0 \u00a0 \u00a0 \u00a0 \u00a0 \u00a0 \u00a0 \u00a0 \u00a0 \u00a0 \u00a0 \u00a0 \u00a0 \u00a0 \u00a0 \u00a0 \u00a0 \u00a0_Ingeniero Civil.<\/p><ul><li>El profesional tiene que estar inscripto en la Municipalidad. Los mismos se registran llenando una ficha que se les brinda en el \u00e1rea y junto con el pago de la inscripci\u00f3n y la constancia la matricula expedida por el colegio correspondiente debe ingresarse por mesa de entradas.<\/li><li>Compra de carpeta de Relevamiento y\/o Proyecto: Se realiza la boleta de pago en el \u00e1rea de Obras Privadas y se obtiene en la caja municipal una vez que se abone. Dentro de la misma se encuentran los formularios acordes a la presentaci\u00f3n (Relevamiento o proyecto).<\/li><\/ul><p>\u00a0<\/p><h6><strong>REQUISITOS PARA PRESENTACION DE CARPETA DE PROYECTO:<\/strong><\/h6><p>Cumpliendo leyes del Colegio de Profesionales de Entre R\u00edos<\/p><ul><li>Llenado de carpeta: Plano original (Film poli\u00e9ster) Arquitectura, Estructura y Planos Sanitarios (visado previo colegio profesional)<\/li><\/ul><p>\u00a0 \u00a0 \u00a0 \u00a0 \u00a0 \u00a0 \u00a0 \u00a0 \u00a0 \u00a0 \u00a0 \u00a0 \u00a0 \u00a0 \u00a0 \u00a0 \u00a0 Copias de planos: 4 de Arquitectura.<\/p><p>\u00a0 \u00a0 \u00a0 \u00a0 \u00a0 \u00a0 \u00a0 \u00a0 \u00a0 \u00a0 \u00a0 \u00a0 \u00a0 \u00a0 \u00a0 \u00a0 \u00a0 \u00a0 \u00a0 \u00a0 \u00a0 \u00a0 \u00a0 \u00a0 \u00a0 \u00a0 \u00a0 \u00a0 \u00a0 \u00a0 \u00a0 \u00a0 \u00a0 \u00a0 \u00a0 \u00a0 \u00a0 4 de Estructura.<\/p><p>\u00a0 \u00a0 \u00a0 \u00a0 \u00a0 \u00a0 \u00a0 \u00a0 \u00a0 \u00a0 \u00a0 \u00a0 \u00a0 \u00a0 \u00a0 \u00a0 \u00a0 \u00a0 \u00a0 \u00a0 \u00a0 \u00a0 \u00a0 \u00a0 \u00a0 \u00a0 \u00a0 \u00a0 \u00a0 \u00a0 \u00a0 \u00a0 \u00a0 \u00a0 \u00a0 \u00a0 \u00a0 4 Sanitarios<\/p><p style=\"text-align: left;\">\u00a0 \u00a0 \u00a0 \u00a0 \u00a0 \u00a0 \u00a0 \u00a0 \u00a0 \u00a0 \u00a0 \u00a0 \u00a0 \u00a0 \u00a0 \u00a0 \u00a0 Fotocopia de D.N.I (propietario\/a).<\/p><p style=\"text-align: left;\">\u00a0 \u00a0 \u00a0 \u00a0 \u00a0 \u00a0 \u00a0 \u00a0 \u00a0 \u00a0 \u00a0 \u00a0 \u00a0 \u00a0 \u00a0 \u00a0 \u00a0 Fotocopia de la escritura, boleto de compra venta o Convenio de Entrega de la Tenencia Precaria<\/p><p style=\"text-align: left;\">\u00a0 \u00a0 \u00a0 \u00a0 \u00a0 \u00a0 \u00a0 \u00a0 \u00a0 \u00a0 \u00a0 \u00a0 \u00a0 \u00a0 \u00a0 \u00a0 \u00a0 Fotocopia de la mensura.<\/p><p style=\"text-align: left;\">\u00a0 \u00a0 \u00a0 \u00a0 \u00a0 \u00a0 \u00a0 \u00a0 \u00a0 \u00a0 \u00a0 \u00a0 \u00a0 \u00a0 \u00a0 \u00a0 \u00a0 Formularios a llenar dentro de la carpeta<\/p><p>Una vez finalizada la obra se deber\u00e1 solicitar y abonar una inspecci\u00f3n final de obra.<\/p><p>\u00a0<\/p><h6><strong>REQUISITOS PARA PRESENTACION DE CARPETA DE RELEVAMIENTO<\/strong><\/h6><p>Cumpliendo leyes del Colegio de Profesionales de Entre R\u00edos<\/p><ul><li>Llenado de carpeta: Plano original (Film poli\u00e9ster) Arquitectura y Sanitario (visado previo colegio profesional)<\/li><\/ul><p>\u00a0 \u00a0 \u00a0 \u00a0 \u00a0 \u00a0 \u00a0 \u00a0 \u00a0 \u00a0 \u00a0 \u00a0 \u00a0 \u00a0 \u00a0 Copias de planos: 3 de Arquitectura.<\/p><p>\u00a0 \u00a0 \u00a0 \u00a0 \u00a0 \u00a0 \u00a0 \u00a0 \u00a0 \u00a0 \u00a0 \u00a0 \u00a0 \u00a0 \u00a0 \u00a0 \u00a0 \u00a0 \u00a0 \u00a0 \u00a0 \u00a0 \u00a0 \u00a0 \u00a0 \u00a0 \u00a0 \u00a0 \u00a0 \u00a0 \u00a0 4\u00a0 de Sanitarios<\/p><p>\u00a0\u00a0\u00a0\u00a0\u00a0\u00a0\u00a0\u00a0\u00a0\u00a0\u00a0\u00a0\u00a0\u00a0\u00a0\u00a0\u00a0\u00a0\u00a0\u00a0\u00a0\u00a0\u00a0\u00a0\u00a0\u00a0\u00a0\u00a0\u00a0\u00a0 Fotocopia de D.N.I (propietario\/a).<\/p><p>\u00a0 \u00a0 \u00a0 \u00a0 \u00a0 \u00a0 \u00a0 \u00a0 \u00a0 \u00a0 \u00a0 \u00a0 \u00a0 \u00a0 \u00a0 \u00a0Fotocopia de la escritura, boleto de compra venta o Convenio de Entrega de la Tenencia Precaria<\/p><p>\u00a0 \u00a0 \u00a0 \u00a0 \u00a0 \u00a0 \u00a0 \u00a0 \u00a0 \u00a0 \u00a0 \u00a0 \u00a0 \u00a0 \u00a0 \u00a0Fotocopia de la mensura.<\/p><p>\u00a0\u00a0\u00a0\u00a0\u00a0\u00a0\u00a0\u00a0\u00a0\u00a0\u00a0\u00a0\u00a0\u00a0\u00a0\u00a0\u00a0\u00a0\u00a0\u00a0\u00a0\u00a0\u00a0\u00a0\u00a0\u00a0\u00a0\u00a0 \u00a0 Formularios a llenar dentro de la carpeta\u00a0\u00a0\u00a0\u00a0\u00a0\u00a0\u00a0\u00a0\u00a0\u00a0\u00a0\u00a0\u00a0\u00a0\u00a0\u00a0\u00a0\u00a0\u00a0\u00a0\u00a0\u00a0\u00a0\u00a0 \u00a0\u00a0\u00a0\u00a0\u00a0\u00a0\u00a0\u00a0<\/p><ul><li>Luego de entregar la carpeta en el \u00e1rea y ser revisada la documentaci\u00f3n, se realizar\u00e1 la liquidaci\u00f3n correspondiente en base a los m2 que se declaren. La boleta de pago se realiza en el \u00e1rea y se abona en la caja municipal, en un entre r\u00edos servicios o mediante el bot\u00f3n de pago de la p\u00e1gina web de la Municipalidad.<\/li><\/ul><p>\u00a0<\/p><ul><li>Una vez abonada la liquidaci\u00f3n se aprobara y sellara la carpeta en las \u00e1reas correspondientes.<\/li><\/ul><p>\u00a0<\/p><ul><li>Finalizado el tr\u00e1mite de la misma se le dar\u00e1 al propietario las copias de los planos aprobados.<\/li><\/ul><p>\u00a0<\/p><p>\u00a0<\/p><h6>\u00a0\u00a0\u00a0\u00a0\u00a0\u00a0\u00a0\u00a0\u00a0\u00a0\u00a0\u00a0\u00a0\u00a0\u00a0\u00a0\u00a0<strong> CONTACTO DE LA OFICINA:<\/strong><\/h6><ul><li>Direcci\u00f3n: Ruta Nacional N\u00b012 y Ciudad de Colon<\/li><li>E-mail: obrasprivadas@coloniaavellaneda.gob.ar<\/li><li>Tel\u00e9fono: (0343) 4979424<\/li><\/ul>\t\t\n\t\t\t\t\t<ul>\n\t\t\t\t\t\t\t<li>\n\t\t\t\t\t\t\t\t\t\t\t<a href=\"http:\/\/coloniaavellaneda.gob.ar\/wordpress\/wp-content\/uploads\/2022\/05\/REQUISITOS-PARA-ENTREGA-DE-CARPETA-EDILICIA.pdf\" target=\"_blank\" rel=\"noopener\">\n\t\t\t\t\t\t\t\t\t\tDESCARGAR PDF: REQUISITOS PARA ENTREGA DE CARPETA EDILICIA\n\t\t\t\t\t\t\t\t\t\t\t<\/a>\n\t\t\t\t\t\t\t\t\t<\/li>\n\t\t\t\t\t\t<\/ul>","_et_gb_content_width":"","footnotes":""},"class_list":["post-3734","page","type-page","status-publish","hentry"],"_links":{"self":[{"href":"https:\/\/coloniaavellaneda.gob.ar\/web\/wp-json\/wp\/v2\/pages\/3734","targetHints":{"allow":["GET"]}}],"collection":[{"href":"https:\/\/coloniaavellaneda.gob.ar\/web\/wp-json\/wp\/v2\/pages"}],"about":[{"href":"https:\/\/coloniaavellaneda.gob.ar\/web\/wp-json\/wp\/v2\/types\/page"}],"author":[{"embeddable":true,"href":"https:\/\/coloniaavellaneda.gob.ar\/web\/wp-json\/wp\/v2\/users\/1"}],"replies":[{"embeddable":true,"href":"https:\/\/coloniaavellaneda.gob.ar\/web\/wp-json\/wp\/v2\/comments?post=3734"}],"version-history":[{"count":3,"href":"https:\/\/coloniaavellaneda.gob.ar\/web\/wp-json\/wp\/v2\/pages\/3734\/revisions"}],"predecessor-version":[{"id":5679,"href":"https:\/\/coloniaavellaneda.gob.ar\/web\/wp-json\/wp\/v2\/pages\/3734\/revisions\/5679"}],"wp:attachment":[{"href":"https:\/\/coloniaavellaneda.gob.ar\/web\/wp-json\/wp\/v2\/media?parent=3734"}],"curies":[{"name":"wp","href":"https:\/\/api.w.org\/{rel}","templated":true}]}}