{"id":3749,"date":"2021-07-12T20:07:19","date_gmt":"2021-07-12T20:07:19","guid":{"rendered":"http:\/\/coloniaavellaneda.gob.ar\/wordpress\/?page_id=3749"},"modified":"2025-11-25T14:36:14","modified_gmt":"2025-11-25T14:36:14","slug":"promocion-y-desarrollo-social","status":"publish","type":"page","link":"https:\/\/coloniaavellaneda.gob.ar\/web\/promocion-y-desarrollo-social\/","title":{"rendered":"PROMOCI\u00d3N Y DESARROLLO SOCIAL"},"content":{"rendered":"<p>[et_pb_section fb_built=\u00bb1&#8243; admin_label=\u00bbsection\u00bb _builder_version=\u00bb4.16&#8243; global_colors_info=\u00bb{}\u00bb][et_pb_row admin_label=\u00bbrow\u00bb _builder_version=\u00bb4.16&#8243; background_size=\u00bbinitial\u00bb background_position=\u00bbtop_left\u00bb background_repeat=\u00bbrepeat\u00bb global_colors_info=\u00bb{}\u00bb][et_pb_column type=\u00bb4_4&#8243; _builder_version=\u00bb4.16&#8243; custom_padding=\u00bb|||\u00bb global_colors_info=\u00bb{}\u00bb custom_padding__hover=\u00bb|||\u00bb][et_pb_text admin_label=\u00bbText\u00bb _builder_version=\u00bb4.16&#8243; background_size=\u00bbinitial\u00bb background_position=\u00bbtop_left\u00bb background_repeat=\u00bbrepeat\u00bb global_colors_info=\u00bb{}\u00bb]<\/p>\n<h1>PROMOCI\u00d3N Y DESARROLLO SOCIAL<\/h1>\n<p>&nbsp;<\/p>\n<p><strong>SECRETAR\u00cdA DE PROMOCI\u00d3N Y DESARROLLO SOCIAL<\/strong><\/p>\n<p><u>Contacto<\/u><\/p>\n<p>Para consultas, dudas y asesoramiento.<\/p>\n<p>V\u00eda telef\u00f3nica al 0343-4979424 (interno 32).<\/p>\n<p>V\u00eda WhatsApp, al 343-5-253330.<\/p>\n<p>V\u00eda correo electr\u00f3nico: desarrollosocial@coloniaavellaneda.gob.ar<\/p>\n<p><u>Direcci\u00f3n<\/u><\/p>\n<p>Mariano Moreno \u2014frente a plaza San Mart\u00edn\u2014.<\/p>\n<p><u>Horarios de atenci\u00f3n<\/u><\/p>\n<p>Lunes a viernes de 7hs a 13hs. Para gestiones, tr\u00e1mites y consultas presentarse con DNI.<\/p>\n<p><u>\u00c1reas que integran la Secretar\u00eda<\/u>\u00a0<\/p>\n<p>\u00ae\u00a0\u00a0 \u00c1rea de Adultos Mayores<\/p>\n<p>\u00ae\u00a0\u00a0 \u00c1rea de Discapacidad<\/p>\n<p>\u00ae\u00a0\u00a0 \u00c1rea de Empelo y Econom\u00eda Social<\/p>\n<p>\u00ae\u00a0\u00a0 \u00c1rea de Juventudes<\/p>\n<p>\u00ae\u00a0\u00a0 \u00c1rea de mujer, g\u00e9nero y diversidades<\/p>\n<p>\u00ae\u00a0\u00a0 \u00c1rea de ni\u00f1ez, adolescencia y familia<\/p>\n<p>&nbsp;<\/p>\n<p>&nbsp;<\/p>\n<p>&nbsp;<\/p>\n<p>&nbsp;<\/p>\n<p>&nbsp;<\/p>\n<p><u>Pol\u00edticas sociales locales<\/u><\/p>\n<p>Las pol\u00edticas sociales que impulsa la Municipalidad de Colonia Avellaneda se sostienen en ideas arraigadas al prop\u00f3sito de un estado cercano a las necesidades y demandas de su poblaci\u00f3n, con criterios de cuidar y hacer rendir cada peso que invertimos.<\/p>\n<p>El abordaje de la Secretar\u00eda a trav\u00e9s de las \u00c1reas que la componen abarca la vida de modo integral de la poblaci\u00f3n coloniense, para cada grupo social y etario tenemos una propuesta y una acci\u00f3n concreta.<\/p>\n<p>En materia de pol\u00edticas sociales la gesti\u00f3n municipal ha consolidado acciones que son continuidad de este proceso de gobierno que se inici\u00f3 en 2019, una recreaci\u00f3n de los programas que cada \u00c1rea tiene a su cargo seg\u00fan la incumbencia de cada una de ellas y a la vez hemos dado impulso de nuevas iniciativas.<\/p>\n<p><u>Pol\u00edticas alimentarias<\/u><\/p>\n<p>La Municipalidad de Colonia Avellanada est\u00e1 comprometida con la seguridad alimentaria de su poblaci\u00f3n, en tal sentido lleva adelante acciones como la entrega de m\u00f3dulos alimentarios, el que se compone de nuevo productos que sostienen una alimentaci\u00f3n b\u00e1sica de tres comidas desayuno, almuerzo y cena.<\/p>\n<p>Cada titular del m\u00f3dulo alimentario puede retirarlo a partir del Primer d\u00eda h\u00e1bil de<\/p>\n<p>cada mes, hasta el \u00faltimo correspondiente al mismo. Atenci\u00f3n: En caso de no retirar dentro del mes y sin una justificaci\u00f3n que d\u00e9 cuenta de ese no retiro, es titular no podr\u00e1 retirar esa unidad. S\u00ed esta situaci\u00f3n se repitiese durante dos meses sin ning\u00fan tipo de argumentaci\u00f3n, se dar\u00e1 de baja la titularidad.<\/p>\n<p>Asimismo, otro componente de las pol\u00edticas alimentarias es el Comedor Comunitario con sistema de viandas, que funciona de lunes a viernes \u2014de 11.30 horas a 12.30\u2014 para retirar el men\u00fa.<\/p>\n<p>Es importante tener en cuenta que cada familia titular debe designar una persona mayor de edad para la b\u00fasqueda de la vianda con el o los recipientes necesarios en condiciones de uso e higiene, queda vedado que lo puedan retirar ni\u00f1os, ni\u00f1as y adolescentes menores. Cada titular, sea una familia monoparental o m\u00e1s integrantes, integra un padr\u00f3n de titulares previa entrevista e informe socio econ\u00f3mico.<\/p>\n<p>Dicho padr\u00f3n es controlado diariamente y al igual que con los m\u00f3dulos alimentarios las ausencias sin avisos ni justificaci\u00f3n tiene un procedimiento que se le notifica al titular al ser ingresado. En aquellas ocasiones que no retiran durante tres d\u00edas consecutivos, sin previo aviso, no se cocina y el cuarto d\u00eda se da la baja del beneficio.<\/p>\n<p><u>Beca de transporte<\/u><\/p>\n<p>La Municipalidad de Colonia Avellaneda como modo de garantizar el derecho a la educaci\u00f3n de adolescentes y j\u00f3venes de la ciudad financia el boleto de tren a estudiantes que cursan el nivel medio de la escuela Almafuerte.<\/p>\n<p>Para ser dados de alta en el programa beca de transporte se requiere presentarse en la Secretar\u00eda con DNI y completar el formulario de alta.<\/p>\n<p><u>Asistencias extraordinarias<\/u><\/p>\n<p>La gesti\u00f3n municipal acompa\u00f1a a sus ciudadanos y ciudadanas en distintas instancias, ante situaciones de urgencia y extrema necesidad con una valoraci\u00f3n integral que abarca diferentes \u00e1reas de la municipalidad se abordan estas situaciones extraordinarias.<\/p>\n<p>&nbsp;<\/p>\n<p><u>Asistencia social funeraria<\/u><\/p>\n<p>Frente a un hecho ineludible como es la muerte la Municipalidad de Colonia Avellaneda lleva adelante la asistencia social funeraria. Es para personas domiciliadas en nuestra ciudad sin coberturas ni medios econ\u00f3micos para para personas que no tienen cobertura ni medios econ\u00f3micos para afrontar los costos de un sepelio.<\/p>\n<p>Es una acci\u00f3n pensada y concretada con dignidad para que esa hora que suele ser dram\u00e1tica para quienes duelan una perdida.<\/p>\n<p><u>Asistencia por temas de salud<\/u><\/p>\n<p>En lo que hace a temas de salud acompa\u00f1amos la gesti\u00f3n y b\u00fasqueda de medicamentos, pa\u00f1ales, leches especiales, turnos de consulta y estudios ya en nosocomios o instituciones p\u00fablicas o privadas, programas provinciales, nacionales y obras sociales. En situaciones excepcionales por impedimentos de movilidad y ausencia de disponibilidad del sistema sanitario p\u00fablico, se colabora con la gesti\u00f3n de traslados de personas para atenci\u00f3n ambulatoria.<\/p>\n<p>[\/et_pb_text][\/et_pb_column][\/et_pb_row][\/et_pb_section]<\/p>\n","protected":false},"excerpt":{"rendered":"<p>PROMOCI\u00d3N Y DESARROLLO SOCIAL &nbsp; SECRETAR\u00cdA DE PROMOCI\u00d3N Y DESARROLLO SOCIAL Contacto Para consultas, dudas y asesoramiento. V\u00eda telef\u00f3nica al 0343-4979424 (interno 32). V\u00eda WhatsApp, al 343-5-253330. V\u00eda correo electr\u00f3nico: desarrollosocial@coloniaavellaneda.gob.ar Direcci\u00f3n Mariano Moreno \u2014frente a plaza San Mart\u00edn\u2014. Horarios de atenci\u00f3n Lunes a viernes de 7hs a 13hs. Para gestiones, tr\u00e1mites y consultas presentarse [&hellip;]<\/p>\n","protected":false},"author":1,"featured_media":0,"parent":0,"menu_order":0,"comment_status":"closed","ping_status":"closed","template":"","meta":{"_et_pb_use_builder":"on","_et_pb_old_content":"<h1>PROMOCI\u00d3N Y DESARROLLO\n SOCIAL<\/h1>\t\t\n\t\t\t<h6>Contacto<\/h6>\t\t\n\t\t<p>Desde el \u00c1rea de Promoci\u00f3n y Desarrollo Social se cuenta con un n\u00famero de Cel., para<br \/>contactarse v\u00eda WhatsApp, por consultas, dudas, asesoramiento. <strong>(343)5253330.<\/strong><\/p>\t\t\n\t\t\t<h6>Horarios de atenci\u00f3n<\/h6>\t\t\n\t\t<p>Lunes a Viernes de 7hs a 13hs. Mariano Moreno. Siempre presentarse al<br \/>\u00c1rea con DNI para cualquier tipo de tr\u00e1mite.<\/p>\t\t\n\t\t\t<h6>M\u00f3dulos de Mercader\u00eda<\/h6>\t\t\n\t\t<p>Cada Beneficiario puede acercarse al \u00c1rea de Promoci\u00f3n y Desarrollo<br \/>Social a retirar el m\u00f3dulo de mercader\u00eda mensual municipal, a partir del Primer d\u00eda h\u00e1bil de<br \/>cada mes, hasta el \u00faltimo correspondiente al mismo. Atenci\u00f3n: En caso de no retirar dentro<br \/>del mes, se pierde el modulo. Si durante dos meses no se retira sin previo aviso, se dar\u00e1 de<br \/>Baja la Asistencia. Traer DNI<\/p>\t\t\n\t\t\t<h6>Beneficiarios Comedor Comunitario<\/h6>\t\t\n\t\t<p>Sistema de Vianda. De Lunes a Viernes de 11.15hs a<br \/>12.15 para retirar el men\u00fa. No pueden retirar ni\u00f1o o menores. Cada beneficiario se encuentra<br \/>en una lista de asistencia donde se lleva el control diario. En aquellas ocasiones que no retiran<br \/>durante tres d\u00edas consecutivos, sin previo aviso, no se cocina y el cuarto d\u00eda se da la baja del<br \/>beneficio.<\/p>\t\t\n\t\t\t<h6>Semillas del Inta<\/h6>\t\t\n\t\t<p>Se entregan en dos temporadas Oto\u00f1o-Invierno y Primavera-Verano, dirigido<br \/>a la Poblaci\u00f3n en general. De forma gratuita. Requisito: Presentar DNI con residencia en<br \/>Colonia Avellaneda y un paquete por grupo familiar.<\/p>\t\t\n\t\t\t<h6>Requisitos para tramitar pensi\u00f3n 4035<\/h6>\t\t\n\t\t\t\t\t<ul>\n\t\t\t\t\t\t\t<li>\n\t\t\t\t\t\t\t\t\t\t\t<a href=\"http:\/\/coloniaavellaneda.gob.ar\/wordpress\/wp-content\/uploads\/2022\/05\/220516100906.pdf\">\n\t\t\t\t\t\t\t\t\t\tRequisitos\n\t\t\t\t\t\t\t\t\t\t\t<\/a>\n\t\t\t\t\t\t\t\t\t<\/li>\n\t\t\t\t\t\t<\/ul>\n\t\t\t<h4>\n\t\t\t\t\u00daltimas Noticias Relacionadas\n\t\t\t<\/h4>\n\t\t<!-- tg-module-title-wrap -->\n\t\t\t\t\t\t\t\t\t\t\t\t\t\t\t<figure>\n\t\t\t\t\t\t\t\t\t\t\t<a href=\"http:\/\/coloniaavellaneda.gob.ar\/wordpress\/nueva-colecta-de-sangre-4\/\">\n\t\t\t<img width=\"392\" height=\"272\" src=\"http:\/\/coloniaavellaneda.gob.ar\/wordpress\/wp-content\/uploads\/2021\/10\/13-10-21-392x272.jpg\" alt=\"\" loading=\"lazy\" srcset=\"http:\/\/coloniaavellaneda.gob.ar\/wordpress\/wp-content\/uploads\/2021\/10\/13-10-21-392x272.jpg 392w, http:\/\/coloniaavellaneda.gob.ar\/wordpress\/wp-content\/uploads\/2021\/10\/13-10-21-130x90.jpg 130w\" sizes=\"(max-width: 392px) 100vw, 392px\" \/>\t\t<\/a>\n\t\t<a href=\"http:\/\/coloniaavellaneda.gob.ar\/wordpress\/category\/promocion-desarrollo-social\/\" style=\"background:#d80fad\" rel=\"category tag\">Promoci\u00f3n y Desarrollo Social<\/a>&nbsp;\t\t\t\t\t\t\t\t<\/figure>\n\t\t\t\t\t\t\t\t\t<h3>\n\t\t\t<a href=\"http:\/\/coloniaavellaneda.gob.ar\/wordpress\/nueva-colecta-de-sangre-4\/\">Nueva Colecta de Sangre<\/a>\n\t\t<\/h3>\n\t\t\t\t<a href=\"http:\/\/coloniaavellaneda.gob.ar\/wordpress\/nueva-colecta-de-sangre-4\/\" rel=\"bookmark\"><time datetime=\"2021-10-07T12:10:24+00:00\">7 de octubre de 2021<\/time><time datetime=\"2021-10-07T12:12:08+00:00\">7 de octubre de 2021<\/time><\/a>\t\t\t\n\t\t\t\t<a href=\"http:\/\/coloniaavellaneda.gob.ar\/wordpress\/author\/imca\/\">IMCA<\/a>\t\t\t\n\t\t\t\t\t<a href=\"http:\/\/coloniaavellaneda.gob.ar\/wordpress\/nueva-colecta-de-sangre-4\/#respond\">0<\/a>\t\t\t\t\n\t\t\t\t\t\t\t\t<p>13 de Octubre<\/p>\n\t\t\t\t\t\t\t\t\t\t\t\t\t\t\t<figure>\n\t\t\t\t\t\t\t\t\t\t\t<a href=\"http:\/\/coloniaavellaneda.gob.ar\/wordpress\/anses-en-colonia-avellaneda-4\/\">\n\t\t\t<img width=\"392\" height=\"272\" src=\"http:\/\/coloniaavellaneda.gob.ar\/wordpress\/wp-content\/uploads\/2021\/09\/04-10-21-392x272.jpg\" alt=\"\" loading=\"lazy\" srcset=\"http:\/\/coloniaavellaneda.gob.ar\/wordpress\/wp-content\/uploads\/2021\/09\/04-10-21-392x272.jpg 392w, http:\/\/coloniaavellaneda.gob.ar\/wordpress\/wp-content\/uploads\/2021\/09\/04-10-21-130x90.jpg 130w, http:\/\/coloniaavellaneda.gob.ar\/wordpress\/wp-content\/uploads\/2021\/09\/04-10-21-600x417.jpg 600w\" sizes=\"(max-width: 392px) 100vw, 392px\" \/>\t\t<\/a>\n\t\t<a href=\"http:\/\/coloniaavellaneda.gob.ar\/wordpress\/category\/promocion-desarrollo-social\/\" style=\"background:#d80fad\" rel=\"category tag\">Promoci\u00f3n y Desarrollo Social<\/a>&nbsp;\t\t\t\t\t\t\t\t<\/figure>\n\t\t\t\t\t\t\t\t\t<h3>\n\t\t\t<a href=\"http:\/\/coloniaavellaneda.gob.ar\/wordpress\/anses-en-colonia-avellaneda-4\/\">ANSES en Colonia Avellaneda<\/a>\n\t\t<\/h3>\n\t\t\t\t<a href=\"http:\/\/coloniaavellaneda.gob.ar\/wordpress\/anses-en-colonia-avellaneda-4\/\" rel=\"bookmark\"><time datetime=\"2021-09-30T19:02:03+00:00\">30 de septiembre de 2021<\/time><time datetime=\"2021-09-30T19:04:46+00:00\">30 de septiembre de 2021<\/time><\/a>\t\t\t\n\t\t\t\t<a href=\"http:\/\/coloniaavellaneda.gob.ar\/wordpress\/author\/imca\/\">IMCA<\/a>\t\t\t\n\t\t\t\t\t\t\t\t<p>Lunes 04 de Octubre<\/p>\n\t\t\t\t\t\t\t\t\t\t\t\t\t\t\t<figure>\n\t\t\t\t\t\t\t\t\t\t\t<a href=\"http:\/\/coloniaavellaneda.gob.ar\/wordpress\/semillas-pro-huerta-agotadas\/\">\n\t\t\t<img width=\"392\" height=\"272\" src=\"http:\/\/coloniaavellaneda.gob.ar\/wordpress\/wp-content\/uploads\/2021\/09\/242303295_4414526491939489_5031696429318753376_n-392x272.jpg\" alt=\"\" loading=\"lazy\" srcset=\"http:\/\/coloniaavellaneda.gob.ar\/wordpress\/wp-content\/uploads\/2021\/09\/242303295_4414526491939489_5031696429318753376_n-392x272.jpg 392w, http:\/\/coloniaavellaneda.gob.ar\/wordpress\/wp-content\/uploads\/2021\/09\/242303295_4414526491939489_5031696429318753376_n-130x90.jpg 130w, http:\/\/coloniaavellaneda.gob.ar\/wordpress\/wp-content\/uploads\/2021\/09\/242303295_4414526491939489_5031696429318753376_n-600x417.jpg 600w\" sizes=\"(max-width: 392px) 100vw, 392px\" \/>\t\t<\/a>\n\t\t<a href=\"http:\/\/coloniaavellaneda.gob.ar\/wordpress\/category\/promocion-desarrollo-social\/\" style=\"background:#d80fad\" rel=\"category tag\">Promoci\u00f3n y Desarrollo Social<\/a>&nbsp;\t\t\t\t\t\t\t\t<\/figure>\n\t\t\t\t\t\t\t\t\t<h3>\n\t\t\t<a href=\"http:\/\/coloniaavellaneda.gob.ar\/wordpress\/semillas-pro-huerta-agotadas\/\">Semillas Pro Huerta AGOTADAS<\/a>\n\t\t<\/h3>\n\t\t\t\t<a href=\"http:\/\/coloniaavellaneda.gob.ar\/wordpress\/semillas-pro-huerta-agotadas\/\" rel=\"bookmark\"><time datetime=\"2021-09-25T12:15:42+00:00\">25 de septiembre de 2021<\/time><time datetime=\"2021-09-25T12:16:51+00:00\">25 de septiembre de 2021<\/time><\/a>\t\t\t\n\t\t\t\t<a href=\"http:\/\/coloniaavellaneda.gob.ar\/wordpress\/author\/imca\/\">IMCA<\/a>\t\t\t\n\t\t\t\t\t\t\t\t<p>AGOTADAS Vecinos y vecinas, desde el \u00e1rea de Promoci\u00f3n y Desarrollo Social se informa que las semillas del programa Pro<\/p>\n\t\t\t<a href=\"http:\/\/coloniaavellaneda.gob.ar\/wordpress\/category\/promocion-desarrollo-social\/\" role=\"button\">\n\t\t\t\t\t\tVer m\u00e1s\n\t\t\t\t\t<\/a>\n\t\t\t<h4>\n\t\t\t\tContacto\n\t\t\t<\/h4>\n\t\t<!-- tg-module-title-wrap -->\n\t\t\t\tCont\u00e1ctate con nosotros\t\t\t\t\n\t\t\t\t\t<ul>\n\t\t\t\t\t\t\t<li>\n\t\t\t\t\t\t\t\t\t<\/li>\n\t\t\t\t\t\t\t\t<li>\n\t\t\t\t\t\t\t\t\t\tdesarrollosocial@coloniaavellaneda.gob.ar\n\t\t\t\t\t\t\t\t\t<\/li>\n\t\t\t\t\t\t<\/ul>\n\t\t\t\tEncu\u00e9ntranos \t\t\t\t\n\t\t\t<iframe frameborder=\"0\" scrolling=\"no\" marginheight=\"0\" marginwidth=\"0\"\n\t\t\t\t\tsrc=\"https:\/\/maps.google.com\/maps?q=6HPQ%2BC4%20Col.%20Avellaneda%2C%20Entre%20R%C3%ADos&#038;t=m&#038;z=10&#038;output=embed&#038;iwloc=near\"\n\t\t\t\t\ttitle=\"6HPQ+C4 Col. Avellaneda, Entre R\u00edos\"\n\t\t\t\t\taria-label=\"6HPQ+C4 Col. Avellaneda, Entre R\u00edos\"\n\t\t\t><\/iframe>\n\t\t\t\tS\u00edguenos \t\t\t\t\n\t\t\t\t\t<a target=\"_blank\" rel=\"noopener\">\n\t\t\t\t\t\tInstagram\n\t\t\t\t\t\t\t\t\t\t\t<\/a>\n\t\t\t<h3>Env\u00edanos un mensaje <\/h3>\t\t\n\t\t<p>Para cualquier consulta al <strong>\u00e1rea de Promoci\u00f3n y Desarrollo Social<\/strong>, completa el siguiente formularios con tus datos.<\/p>[everest_form id=\"4732\"]","_et_gb_content_width":"","footnotes":""},"class_list":["post-3749","page","type-page","status-publish","hentry"],"_links":{"self":[{"href":"https:\/\/coloniaavellaneda.gob.ar\/web\/wp-json\/wp\/v2\/pages\/3749","targetHints":{"allow":["GET"]}}],"collection":[{"href":"https:\/\/coloniaavellaneda.gob.ar\/web\/wp-json\/wp\/v2\/pages"}],"about":[{"href":"https:\/\/coloniaavellaneda.gob.ar\/web\/wp-json\/wp\/v2\/types\/page"}],"author":[{"embeddable":true,"href":"https:\/\/coloniaavellaneda.gob.ar\/web\/wp-json\/wp\/v2\/users\/1"}],"replies":[{"embeddable":true,"href":"https:\/\/coloniaavellaneda.gob.ar\/web\/wp-json\/wp\/v2\/comments?post=3749"}],"version-history":[{"count":5,"href":"https:\/\/coloniaavellaneda.gob.ar\/web\/wp-json\/wp\/v2\/pages\/3749\/revisions"}],"predecessor-version":[{"id":6648,"href":"https:\/\/coloniaavellaneda.gob.ar\/web\/wp-json\/wp\/v2\/pages\/3749\/revisions\/6648"}],"wp:attachment":[{"href":"https:\/\/coloniaavellaneda.gob.ar\/web\/wp-json\/wp\/v2\/media?parent=3749"}],"curies":[{"name":"wp","href":"https:\/\/api.w.org\/{rel}","templated":true}]}}