{"id":5213,"date":"2022-06-22T10:57:04","date_gmt":"2022-06-22T10:57:04","guid":{"rendered":"http:\/\/coloniaavellaneda.gob.ar\/wordpress\/?page_id=5213"},"modified":"2025-07-10T14:40:21","modified_gmt":"2025-07-10T14:40:21","slug":"cultura","status":"publish","type":"page","link":"https:\/\/coloniaavellaneda.gob.ar\/web\/home\/cultura\/","title":{"rendered":"Cultura"},"content":{"rendered":"<p>[et_pb_section fb_built=\u00bb1&#8243; admin_label=\u00bbsection\u00bb _builder_version=\u00bb4.16&#8243; global_colors_info=\u00bb{}\u00bb][et_pb_row _builder_version=\u00bb4.27.4&#8243; _module_preset=\u00bbdefault\u00bb global_colors_info=\u00bb{}\u00bb][et_pb_column type=\u00bb4_4&#8243; _builder_version=\u00bb4.27.4&#8243; _module_preset=\u00bbdefault\u00bb global_colors_info=\u00bb{}\u00bb][et_pb_accordion _builder_version=\u00bb4.27.4&#8243; _module_preset=\u00bbdefault\u00bb hover_enabled=\u00bb0&#8243; global_colors_info=\u00bb{}\u00bb sticky_enabled=\u00bb0&#8243;][et_pb_accordion_item title=\u00bbCultura\u00bb open=\u00bbon\u00bb _builder_version=\u00bb4.27.4&#8243; _module_preset=\u00bbdefault\u00bb hover_enabled=\u00bb0&#8243; global_colors_info=\u00bb{}\u00bb toggle_font=\u00bb||||on||||\u00bb toggle_text_align=\u00bbcenter\u00bb toggle_font_size=\u00bb36px\u00bb sticky_enabled=\u00bb0&#8243;]<\/p>\n<p>Desde el \u00e1rea de Cultura promovemos el acceso, la participaci\u00f3n y el desarrollo de actividades culturales que fortalezcan la identidad local, el encuentro comunitario y la inclusi\u00f3n.<br \/>Organizamos y acompa\u00f1amos talleres anuales, muestras, ferias de emprendedores, presentaciones art\u00edsticas, ciclos de cine, capacitaciones y celebraciones populares. Creamos espacios donde vecinos y vecinas pueden expresarse, aprender y compartir.<br \/>Trabajamos en articulaci\u00f3n con instituciones educativas, clubes, artistas independientes, organizaciones sociales y otras \u00e1reas del municipio para fomentar una cultura viva, diversa y en permanente construcci\u00f3n.<br \/>Datos de contacto visibles al pie o en bloque lateral:<\/p>\n<p>Instagram: @ca.cultura<\/p>\n<p>WhatsApp: 3434 15-2115<\/p>\n<p>Correo: cultura@coloniaavellaneda.gob.ar<\/p>\n<p>&nbsp;<\/p>\n<p>[\/et_pb_accordion_item][\/et_pb_accordion][\/et_pb_column][\/et_pb_row][et_pb_row _builder_version=\u00bb4.27.4&#8243; _module_preset=\u00bbdefault\u00bb][et_pb_column _builder_version=\u00bb4.27.4&#8243; _module_preset=\u00bbdefault\u00bb type=\u00bb4_4&#8243;][et_pb_accordion _builder_version=\u00bb4.27.4&#8243; _module_preset=\u00bbdefault\u00bb hover_enabled=\u00bb0&#8243; sticky_enabled=\u00bb0&#8243;][et_pb_accordion_item title=\u00bbCultura a la carta\u00bb _builder_version=\u00bb4.27.4&#8243; _module_preset=\u00bbdefault\u00bb open=\u00bbon\u00bb hover_enabled=\u00bb0&#8243; sticky_enabled=\u00bb0&#8243; toggle_font=\u00bb||||on||||\u00bb toggle_font_size=\u00bb36px\u00bb toggle_text_align=\u00bbcenter\u00bb]<\/p>\n<p>\u00bfSos artista de escenario? \u00a1Este ciclo es para vos!<br \/>Cultura a la Carta es una propuesta que lleva espect\u00e1culos en vivo a los comedores de la ciudad, acercando el arte a todos los rincones de Colonia Avellaneda y fortaleciendo el acceso a la cultura.<\/p>\n<p>Buscamos shows de aproximadamente 90 minutos de m\u00fasica, teatro, danza, circo y otras expresiones esc\u00e9nicas. Si viv\u00eds en Colonia Avellaneda y quer\u00e9s ser parte, anotate en nuestro registro de artistas.<\/p>\n<p>M\u00e1s info: WhatsApp 3434 15-2115 | Correo: cultura@coloniaavellaneda.gob.ar<\/p>\n<p>[\/et_pb_accordion_item][\/et_pb_accordion][\/et_pb_column][\/et_pb_row][et_pb_row _builder_version=\u00bb4.27.4&#8243; _module_preset=\u00bbdefault\u00bb][et_pb_column _builder_version=\u00bb4.27.4&#8243; _module_preset=\u00bbdefault\u00bb type=\u00bb4_4&#8243;][et_pb_accordion _builder_version=\u00bb4.27.4&#8243; _module_preset=\u00bbdefault\u00bb link_option_url_new_window=\u00bbon\u00bb hover_enabled=\u00bb0&#8243; toggle_font=\u00bb||||on||||\u00bb toggle_text_align=\u00bbcenter\u00bb sticky_enabled=\u00bb0&#8243; toggle_font_size=\u00bb36px\u00bb link_option_url=\u00bbhttps:\/\/forms.gle\/Ya6AWn6mNoVYDKth9&#8243;][et_pb_accordion_item title=\u00bbRegistro de Artistas\u00bb _builder_version=\u00bb4.27.4&#8243; _module_preset=\u00bbdefault\u00bb open=\u00bbon\u00bb hover_enabled=\u00bb0&#8243; sticky_enabled=\u00bb0&#8243;]<\/p>\n<p>Si sos m\u00fasico, actor\/actriz, bailar\u00edn\/a, artista visual o desarroll\u00e1s cualquier disciplina<br \/>art\u00edstica, te invitamos a formar parte del Registro de Artistas de Colonia Avellaneda.<br \/>Este registro nos permite convocar artistas locales para futuras actividades, ciclos<br \/>culturales, muestras y festivales.<\/p>\n<p>Formulario de inscripci\u00f3n:<\/p>\n<p>https:\/\/docs.google.com\/forms\/d\/e\/1FAIpQLSfPAO-VscZBlNlI45GoMBWDLvhrqBStcRyyj5T4<br \/>0sO2Fl5ziw\/viewform<\/p>\n<p>Contacto: WhatsApp 3434 15-2115 | cultura@coloniaavellaneda.gob.ar<\/p>\n<p>&nbsp;<\/p>\n<p>[\/et_pb_accordion_item][\/et_pb_accordion][\/et_pb_column][\/et_pb_row][et_pb_row _builder_version=\u00bb4.27.4&#8243; _module_preset=\u00bbdefault\u00bb][et_pb_column _builder_version=\u00bb4.27.4&#8243; _module_preset=\u00bbdefault\u00bb type=\u00bb4_4&#8243;][et_pb_accordion _builder_version=\u00bb4.27.4&#8243; _module_preset=\u00bbdefault\u00bb hover_enabled=\u00bb0&#8243; toggle_font=\u00bb||||on||||\u00bb toggle_text_align=\u00bbcenter\u00bb toggle_font_size=\u00bb36px\u00bb sticky_enabled=\u00bb0&#8243; link_option_url=\u00bbhttps:\/\/www.youtube.com\/channel\/UCmr2wYGJ-yBJuJzqVOHSiGA\u00bb][et_pb_accordion_item title=\u00bbCanal de YouTube\u00bb _builder_version=\u00bb4.27.4&#8243; _module_preset=\u00bbdefault\u00bb open=\u00bbon\u00bb hover_enabled=\u00bb0&#8243; sticky_enabled=\u00bb0&#8243;]<\/p>\n<p>Disfrut\u00e1 de contenidos culturales producidos en nuestra ciudad:<br \/>\u2013 Relatos y cortos literarios de escritores y escritoras locales<br \/>\u2013 Documental sobre la historia de Colonia Avellaneda, contado por vecinos y vecinas<\/p>\n<p>Acced\u00e9 al canal:<br \/>YouTube &#8211; Cultura Colonia Avellaneda<\/p>\n<p>&nbsp;<\/p>\n<p>\u00a0 \u00a0 \u00a0 \u00a0 \u00a0 \u00a0 \u00a0 \u00a0 \u00a0\u00a1Sumate y compart\u00ed para seguir construyendo identidad y memoria colectiva!<\/p>\n<p>[\/et_pb_accordion_item][\/et_pb_accordion][\/et_pb_column][\/et_pb_row][et_pb_row _builder_version=\u00bb4.27.4&#8243; _module_preset=\u00bbdefault\u00bb][et_pb_column _builder_version=\u00bb4.27.4&#8243; _module_preset=\u00bbdefault\u00bb type=\u00bb4_4&#8243;][et_pb_accordion _builder_version=\u00bb4.27.4&#8243; _module_preset=\u00bbdefault\u00bb hover_enabled=\u00bb0&#8243; sticky_enabled=\u00bb0&#8243; toggle_font=\u00bb||||on||||\u00bb toggle_text_align=\u00bbcenter\u00bb toggle_font_size=\u00bb36px\u00bb][et_pb_accordion_item title=\u00bbHistoria local para las escuelas\u00bb _builder_version=\u00bb4.27.4&#8243; _module_preset=\u00bbdefault\u00bb open=\u00bbon\u00bb]<\/p>\n<p>Desarrollamos contenidos educativos sobre la historia de Colonia Avellaneda pensados<br \/>para acompa\u00f1ar a las escuelas en proyectos pedag\u00f3gicos y actos escolares.<br \/>Incluye videos, textos y propuestas did\u00e1cticas para nivel primario y secundario.<br \/>Para acceder al material o solicitar recursos:<br \/>\u00a0 \u00a0 cultura@coloniaavellaneda.gob.ar |\u00a0 WhatsApp 3434 15-2115<\/p>\n<p>[\/et_pb_accordion_item][\/et_pb_accordion][\/et_pb_column][\/et_pb_row][et_pb_row _builder_version=\u00bb4.19.0&#8243; _module_preset=\u00bbdefault\u00bb border_radii=\u00bbon|3px|3px|3px|3px\u00bb global_colors_info=\u00bb{}\u00bb][et_pb_column type=\u00bb4_4&#8243; _builder_version=\u00bb4.19.0&#8243; _module_preset=\u00bbdefault\u00bb global_colors_info=\u00bb{}\u00bb][et_pb_blurb url=\u00bbhttps:\/\/coloniaavellaneda.gob.ar\/web\/?page_id=5682&#038;et_fb=1&#038;PageSpeed=off\u00bb image=\u00bbhttps:\/\/coloniaavellaneda.gob.ar\/web\/wp-content\/uploads\/2023\/05\/logofiesta.jpg\u00bb _builder_version=\u00bb4.19.0&#8243; _module_preset=\u00bbdefault\u00bb header_text_align=\u00bbcenter\u00bb border_radii=\u00bbon|3px|3px|3px|3px\u00bb global_colors_info=\u00bb{}\u00bb][\/et_pb_blurb][et_pb_accordion _builder_version=\u00bb4.27.4&#8243; _module_preset=\u00bbdefault\u00bb toggle_level=\u00bbh4&#8243; toggle_text_align=\u00bbcenter\u00bb link_option_url=\u00bbhttps:\/\/coloniaavellaneda.gob.ar\/web\/?page_id=5682&#038;et_fb=1&#038;PageSpeed=off\u00bb hover_enabled=\u00bb0&#8243; global_colors_info=\u00bb{}\u00bb sticky_enabled=\u00bb0&#8243;][et_pb_accordion_item open=\u00bbon\u00bb _builder_version=\u00bb4.27.4&#8243; _module_preset=\u00bbdefault\u00bb link_option_url=\u00bbhttps:\/\/coloniaavellaneda.gob.ar\/web\/?page_id=5682&#038;et_fb=1&#038;PageSpeed=off\u00bb hover_enabled=\u00bb0&#8243; global_colors_info=\u00bb{}\u00bb title=\u00bbFiesta del Migrante\u00bb toggle_font=\u00bb||||on||||\u00bb toggle_level=\u00bbh5&#8243; toggle_text_align=\u00bbcenter\u00bb toggle_font_size=\u00bb36px\u00bb sticky_enabled=\u00bb0&#8243;]<\/p>\n<p>Colonia Avellaneda es una de las localidades que ha atravesado \u2014y sigue atravesando\u2014 profundos cambios demogr\u00e1ficos en la regi\u00f3n. La llegada de viviendas sociales, los nuevos loteos urbanos impulsados por distintos planes de vivienda, y el crecimiento comercial y estrat\u00e9gico de la ciudad la han convertido en un epicentro de diversidad y pluralidad cultural.<br \/>En este contexto nace la Fiesta del Migrante, una celebraci\u00f3n local que tiene como objetivo honrar a los pueblos que nos vieron nacer y reivindicar la ciudad que nos ve crecer.<br \/>Este evento invita a compartir tradiciones, costumbres y sabores de distintas comunidades que conviven en Colonia Avellaneda. Localidades vecinas y agrupaciones culturales participan activamente con presentaciones art\u00edsticas, gastronom\u00eda t\u00edpica, danzas, m\u00fasica y muestras que ofrecen a los visitantes una experiencia aut\u00e9ntica y enriquecedora.<br \/>La Fiesta del Migrante se consolida como un evento destacado del calendario cultural y tur\u00edstico regional, con una asistencia estimada en m\u00e1s de 10.000 personas. Este crecimiento refleja el fuerte inter\u00e9s por la propuesta y su impacto positivo en el desarrollo<br \/>econ\u00f3mico local, promoviendo el comercio y los servicios tur\u00edsticos.<br \/>La Fiesta cuenta con una planificaci\u00f3n s\u00f3lida, el compromiso de la comunidad y el acompa\u00f1amiento de instituciones locales, lo que garantiza su continuidad y proyecci\u00f3n a futuro.<\/p>\n<p>Colonia Avellaneda celebra la diversidad.<br \/>La Fiesta del Migrante es una expresi\u00f3n viva de lo que somos: una ciudad construida por muchas historias que se entrelazan y caminan juntas hacia el futuro.<\/p>\n<p>[\/et_pb_accordion_item][\/et_pb_accordion][\/et_pb_column][\/et_pb_row][\/et_pb_section]<\/p>\n","protected":false},"excerpt":{"rendered":"<p>Desde el \u00e1rea de Cultura promovemos el acceso, la participaci\u00f3n y el desarrollo de actividades culturales que fortalezcan la identidad local, el encuentro comunitario y la inclusi\u00f3n.Organizamos y acompa\u00f1amos talleres anuales, muestras, ferias de emprendedores, presentaciones art\u00edsticas, ciclos de cine, capacitaciones y celebraciones populares. Creamos espacios donde vecinos y vecinas pueden expresarse, aprender y compartir.Trabajamos [&hellip;]<\/p>\n","protected":false},"author":1,"featured_media":0,"parent":3306,"menu_order":0,"comment_status":"closed","ping_status":"closed","template":"","meta":{"_et_pb_use_builder":"on","_et_pb_old_content":"<h1>CULTURA<\/h1>\t\t\n\t\t<h5 style=\"text-align: left;\"><em>\u201cCulto no es aquel que lee m\u00e1s libros. Culto es aquel que es capaz de escuchar al otro\u201d. (Eduardo Galeano)<\/em><\/h5><h6 style=\"text-align: left;\"><strong>L\u00ednea \u201cCultura de Feria\u201d<\/strong><\/h6><p style=\"text-align: left;\">Partiendo de la idea de Eduardo Galeano, estamos convencidos y convencidas que a la cultura<br \/>la construimos en comunidad y cotidianamente. Es por esto que, en el marco de la feria de<br \/>Emprendedores organizada por el \u00c1rea de Desarrollo de nuestro municipio, participamos<br \/>activamente en la producci\u00f3n de un espacio donde compartimos y promocionamos artistas<br \/>locales de las distintas expresiones art\u00edsticas, subrayando la coparticipaci\u00f3n de las \u00e1reas y<br \/>transmitiendo nuestros valores en estas jornadas populares.<br \/>El objetivo de esta l\u00ednea de trabajo es promocionar un espacio donde los y las trabajadores de<br \/>la cultura coloniense puedan mostrar sus obras y tener un encuentro cercano y genuino, en<br \/>donde el p\u00fablico en general conozca su producci\u00f3n y se construya un v\u00ednculo entre todos los<br \/>actores posibles.<\/p><h6 style=\"text-align: left;\"><strong>L\u00ednea \u201cEncontrarnos D-Espacio\u201d<\/strong><\/h6><p style=\"text-align: left;\">Con el fin de impulsar pol\u00edticas p\u00fablicas para el desarrollo de la cultura que fomenta la<br \/>creaci\u00f3n art\u00edstica y la expresi\u00f3n cultural particular de nuestra ciudad, teniendo a la pluralidad e<br \/>identidad como ejes fundamentales de este ciclo de encuentro, otorg\u00e1ndole a nuestros<br \/>vecinos y vecinas un espect\u00e1culo ameno, y cercano periodicamente.<br \/>Donde estas jornadas constituyan un encuentro cultural de intercambio din\u00e1mico, de impacto<br \/>inmediato, entre \u201clos y las artistas\u201d y la comunidad toda, dejando en evidencia la puesta en<br \/>valor de nuestro patrimonio cultural coloniense.<\/p><p style=\"text-align: left;\"><strong>Contactos:<\/strong><br \/><strong>&#x2663; WhatsApp 3434803398<\/strong><br \/><strong>&#x2663; cultura@coloniaavellaneda.gob.ar<\/strong><br \/><strong>&#x2663; Horarios de atenci\u00f3n: lunes a viernes de 07:00 a 13:00 Centro Cultural calle Patat esquina Montorfano. (En Julio agregaremos horarios y lugar de atenci\u00f3n nuevos)<\/strong><\/p><p>1- Desde el Centro Cultural Jos\u00e9 Hern\u00e1ndez damos a conocer los Talleres vigentes<br \/>durante el a\u00f1o 2022 y coordinamos acciones art\u00edsticas con las distintas \u00e1reas.<br \/>Para conocer d\u00edas y horarios disponibles deber\u00e1 ingresar al siguiente link.<\/p><p><a href=\"https:\/\/drive.google.com\/file\/d\/1bi87YeKW6SlZHnMFfJL874Liuhid3H-H\/view?usp=sharing\">https:\/\/drive.google.com\/file\/d\/1bi87YeKW6SlZHnMFfJL874Liuhid3H-H\/view?usp=sharing<\/a><\/p><p>2- Para poder conocer y organizar las distintas propuestas y trayectos de nuestros<br \/>artistas, abrimos la siguiente convocatoria, donde contactaremos con un registro de<br \/>los mismos y poder compartir los ciclos que de esta \u00e1rea se originan. Por eso los<br \/>invitamos a completar el siguiente formulario.<\/p><p><a href=\"https:\/\/docs.google.com\/forms\/d\/e\/1FAIpQLSdHThPpUqyDrZizEqofDKb04GpzDxLQuxDAPCeswQV-GXPaNA\/viewform\">https:\/\/docs.google.com\/forms\/d\/e\/1FAIpQLSdHThPpUqyDrZizEqofDKb04GpzDxLQuxDAPCeswQV-XPaNA\/viewform<\/a><\/p><p>3- \u00bfC\u00f3mo puedo solicitar el alquiler del sal\u00f3n del prado espa\u00f1ol?<br \/>Debes completar un formulario, podes encontrarlo en mesa de entrada del palacio municipal,<br \/>en el centro cultural Jos\u00e9 Hern\u00e1ndez o en el \u00e1rea de deportes en el prado espa\u00f1ol todos estos<br \/>lugares en el horario de 07:00 a 13:00<br \/>El formulario debe estar firmado y se deber\u00e1 adjuntar fotocopia de DNI del solicitante, debe<br \/>ser presentado en mesa de entrada municipal en el horario de 07:00 a 13:00 donde se le<br \/>generar\u00e1 un expediente.\u00a0<\/p>","_et_gb_content_width":"","footnotes":""},"class_list":["post-5213","page","type-page","status-publish","hentry"],"_links":{"self":[{"href":"https:\/\/coloniaavellaneda.gob.ar\/web\/wp-json\/wp\/v2\/pages\/5213","targetHints":{"allow":["GET"]}}],"collection":[{"href":"https:\/\/coloniaavellaneda.gob.ar\/web\/wp-json\/wp\/v2\/pages"}],"about":[{"href":"https:\/\/coloniaavellaneda.gob.ar\/web\/wp-json\/wp\/v2\/types\/page"}],"author":[{"embeddable":true,"href":"https:\/\/coloniaavellaneda.gob.ar\/web\/wp-json\/wp\/v2\/users\/1"}],"replies":[{"embeddable":true,"href":"https:\/\/coloniaavellaneda.gob.ar\/web\/wp-json\/wp\/v2\/comments?post=5213"}],"version-history":[{"count":24,"href":"https:\/\/coloniaavellaneda.gob.ar\/web\/wp-json\/wp\/v2\/pages\/5213\/revisions"}],"predecessor-version":[{"id":6031,"href":"https:\/\/coloniaavellaneda.gob.ar\/web\/wp-json\/wp\/v2\/pages\/5213\/revisions\/6031"}],"up":[{"embeddable":true,"href":"https:\/\/coloniaavellaneda.gob.ar\/web\/wp-json\/wp\/v2\/pages\/3306"}],"wp:attachment":[{"href":"https:\/\/coloniaavellaneda.gob.ar\/web\/wp-json\/wp\/v2\/media?parent=5213"}],"curies":[{"name":"wp","href":"https:\/\/api.w.org\/{rel}","templated":true}]}}