{"id":5885,"date":"2024-02-16T15:11:21","date_gmt":"2024-02-16T15:11:21","guid":{"rendered":"https:\/\/coloniaavellaneda.gob.ar\/web\/?page_id=5885"},"modified":"2025-08-05T13:21:18","modified_gmt":"2025-08-05T13:21:18","slug":"juventud","status":"publish","type":"page","link":"https:\/\/coloniaavellaneda.gob.ar\/web\/juventud\/","title":{"rendered":"Juventud"},"content":{"rendered":"<p>[et_pb_section fb_built=\u00bb1&#8243; _builder_version=\u00bb4.23.4&#8243; _module_preset=\u00bbdefault\u00bb global_colors_info=\u00bb{}\u00bb][et_pb_row _builder_version=\u00bb4.23.4&#8243; _module_preset=\u00bbdefault\u00bb global_colors_info=\u00bb{}\u00bb][et_pb_column type=\u00bb4_4&#8243; _builder_version=\u00bb4.23.4&#8243; _module_preset=\u00bbdefault\u00bb global_colors_info=\u00bb{}\u00bb][et_pb_image src=\u00bbhttps:\/\/coloniaavellaneda.gob.ar\/web\/wp-content\/uploads\/2025\/03\/juv.png\u00bb title_text=\u00bbjuv\u00bb _builder_version=\u00bb4.27.4&#8243; _module_preset=\u00bbdefault\u00bb custom_padding=\u00bb||0px|||\u00bb global_colors_info=\u00bb{}\u00bb][\/et_pb_image][\/et_pb_column][\/et_pb_row][et_pb_row _builder_version=\u00bb4.23.4&#8243; _module_preset=\u00bbdefault\u00bb global_colors_info=\u00bb{}\u00bb][et_pb_column type=\u00bb4_4&#8243; _builder_version=\u00bb4.23.4&#8243; _module_preset=\u00bbdefault\u00bb global_colors_info=\u00bb{}\u00bb][et_pb_accordion _builder_version=\u00bb4.27.4&#8243; _module_preset=\u00bbdefault\u00bb toggle_level=\u00bbh2&#8243; global_colors_info=\u00bb{}\u00bb][et_pb_accordion_item title=\u00bbJuventudes Colonia Avellaneda\u00bb open=\u00bbon\u00bb _builder_version=\u00bb4.27.4&#8243; _module_preset=\u00bbdefault\u00bb global_colors_info=\u00bb{}\u00bb]<\/p>\n<p>El 24 de noviembre de 2021 el Intendente Municipal Ariel Weiss dio creaci\u00f3n a trav\u00e9s del Decreto N\u00b0 229 al <strong>\u00c1REA MUNICIPAL DE JUVENTUD <\/strong>con el objetivo de poner \u00e9nfasis en la participaci\u00f3n y protagonismo de las juventudes, y que estas tengan injerencia en la formulaci\u00f3n, el dise\u00f1o y la ejecuci\u00f3n de Pol\u00edticas P\u00fablicas de juventud, porque las pol\u00edticas p\u00fablicas deben atravesar a la multiplicidad de juventudes, desde cada uno de los aspectos que los forman como ciudadanos.-<\/p>\n<p>Por eso, se dio creaci\u00f3n a Punto Joven. Este, es el lugar donde la variedad de juventudes se pueden encontrar, y pueden fortalecerse entre ellas.- Desde el comienzo, entendimos que referirnos a juventudes, es referirnos a un grupo muy amplio y diverso, con opiniones y criterios muy distintos unos de otros. Hablar de juventudes es hablar de j\u00f3venes estudiantes, j\u00f3venes padres, j\u00f3venes trabajadores, j\u00f3venes que realizan actividades f\u00edsicas, j\u00f3venes que tienen hobbies, j\u00f3venes con ideas, j\u00f3venes con ganas de progresar.<\/p>\n<h2><u>Horarios de atenci\u00f3n:<\/u><\/h2>\n<p>Lunes a viernes de 07:00hs a 13:00hs<\/p>\n<p><span>\u00a0<\/span><\/p>\n<h2><u>Officinas:<\/u><\/h2>\n<p>Espacio (Teniente Gim\u00e9nez 2553)<\/p>\n<p><span>\u00a0<\/span><\/p>\n<h2><u>Contacto:<\/u><\/h2>\n<p><strong>Tel\u00e9fono ffijo: <\/strong>4070585<\/p>\n<p><span>\u00a0<\/span><\/p>\n<p><strong>Correo<\/strong><strong>\u00a0 <\/strong><strong>electr\u00f3nico:<\/strong><strong>\u00a0 <\/strong><a href=\"mailto:juventud@coloniaavellaneda.gob.ar\">juventud@coloniaavellaneda.gob.ar<\/a><\/p>\n<p><span>\u00a0<\/span><\/p>\n<p><strong>Instagram:<\/strong> @JuventudesCA<\/p>\n<p>[\/et_pb_accordion_item][\/et_pb_accordion][et_pb_accordion _builder_version=\u00bb4.27.4&#8243; _module_preset=\u00bbdefault\u00bb global_colors_info=\u00bb{}\u00bb][et_pb_accordion_item title=\u00bbProgramas de trabajo\u00bb open=\u00bbon\u00bb _builder_version=\u00bb4.27.4&#8243; _module_preset=\u00bbdefault\u00bb global_colors_info=\u00bb{}\u00bb toggle_level=\u00bbh2&#8243;]<\/p>\n<p><strong><u>Punto Educativo:<\/u> <\/strong>Este programa ofrece apoyo a estudiantes de primaria, secundaria, terciarios y universitarios. Brinda asesoramiento y apoyo para aquellos sin acceso a clases particulares, ofrece un Polo Educativo para carreras a distancia y facilita el<\/p>\n<p>&nbsp;<\/p>\n<p>acceso a becas. Tambi\u00e9n promueve actividades culturales e hist\u00f3ricas relevantes a nivel local, nacional y provincial.<\/p>\n<p><strong><u>Punto Salud:<\/u> <\/strong>Se enfoca en la salud integral de los j\u00f3venes, ofreciendo no solo charlas educativas, sino tambi\u00e9n formaci\u00f3n y capacitaciones sobre el cuidado personal y la importancia de mantener una buena salud. Adem\u00e1s, busca crear espacios de concientizaci\u00f3n, re\ufb02exi\u00f3n y contenci\u00f3n para las juventudes de Colonia Avellaneda.<\/p>\n<p><strong><u>Punto Integrado:<\/u> <\/strong>Este programa busca fortalecer el inter\u00e9s y la participaci\u00f3n de los j\u00f3venes en actividades culturales y deportivas. A trav\u00e9s de acciones concretas, promueve el sentido de pertenencia y el cuidado de los espacios locales.<\/p>\n<p><strong><u>Punto Incentivo:<\/u> <\/strong>Enfocado en la generaci\u00f3n de oportunidades laborales para j\u00f3venes, este programa combate la desocupaci\u00f3n juvenil mediante la creaci\u00f3n de conexiones entre empleadores y j\u00f3venes en busca de trabajo. Tambi\u00e9n apoya a emprendedores con capacitaciones y participaci\u00f3n en ferias como eventos, y ofrece pasant\u00edas para estudiantes universitarios.<\/p>\n<p><strong><u>Consejo Asesor Juvenil:<\/u> <\/strong>Espacio de participaci\u00f3n y escucha para j\u00f3venes voluntarios interesados en intervenir en temas sociales y comunitarios. Representa a diversos sectores de la sociedad civil y no est\u00e1 limitado a estudiantes, sino que incluye a j\u00f3venes activistas en \u00e1mbitos culturales, deportivos, religiosos, militantes o de otro tipo.<\/p>\n<p>[\/et_pb_accordion_item][\/et_pb_accordion][\/et_pb_column][\/et_pb_row][et_pb_row _builder_version=\u00bb4.23.4&#8243; _module_preset=\u00bbdefault\u00bb width=\u00bb25%\u00bb hover_enabled=\u00bb0&#8243; global_colors_info=\u00bb{}\u00bb sticky_enabled=\u00bb0&#8243;][et_pb_column type=\u00bb4_4&#8243; _builder_version=\u00bb4.23.4&#8243; _module_preset=\u00bbdefault\u00bb global_colors_info=\u00bb{}\u00bb][et_pb_text _builder_version=\u00bb4.27.4&#8243; _module_preset=\u00bbdefault\u00bb width=\u00bb100%\u00bb custom_padding=\u00bb|||0px||\u00bb hover_enabled=\u00bb0&#8243; global_colors_info=\u00bb{}\u00bb sticky_enabled=\u00bb0&#8243;]<\/p>\n<h1><a href=\"https:\/\/coloniaavellaneda.boletaweb.com.ar\/turnos\">INSCRIPCI\u00d3N INSTITUTO BECARIO 202<\/a>5<\/h1>\n<p><u><a href=\"https:\/\/www.institutobecario.gov.ar\/programas.php\">Requisitos y documentaci\u00f3n ingresando aqu\u00ed<\/a><\/u><\/p>\n<h4><strong>\u00a0<\/strong><\/h4>\n<p>[\/et_pb_text][et_pb_text _builder_version=\u00bb4.27.4&#8243; _module_preset=\u00bbdefault\u00bb width=\u00bb100%\u00bb custom_padding=\u00bb||1px|0px||\u00bb hover_enabled=\u00bb0&#8243; global_colors_info=\u00bb{}\u00bb text_font_size=\u00bb12px\u00bb sticky_enabled=\u00bb0&#8243;]<\/p>\n<h1><a href=\"https:\/\/coloniaavellaneda.boletaweb.com.ar\/turnos\">INSCRIPCI\u00d3N BECAS PROGRESAR 202<\/a>5<\/h1>\n<p>(Turnos haciendo doble click en el titulo)<\/p>\n<p><u><a href=\"https:\/\/www.argentina.gob.ar\/educacion\/progresar\/requisitos\">Requisitos y documentaci\u00f3n ingresando aqu\u00ed<\/a><\/u><\/p>\n<p><span>\u00a0<\/span><\/p>\n<p>[\/et_pb_text][et_pb_text _builder_version=\u00bb4.27.4&#8243; _module_preset=\u00bbdefault\u00bb width=\u00bb100%\u00bb custom_padding=\u00bb|||0px||\u00bb global_colors_info=\u00bb{}\u00bb]<\/p>\n<h1><a href=\"https:\/\/coloniaavellaneda.boletaweb.com.ar\/turnos\">INSCRIPCI\u00d3N BECAS MANUEL BELGRANO 202<\/a>5<\/h1>\n<p><u><a href=\"https:\/\/www.argentina.gob.ar\/educacion\/becas\/becas-manuel-belgrano\/1era-convocatoria-2022-programa-nacional-de-becas-estrategicas-manuel-belgrano\">Requisitos y documentaci\u00f3n ingresando aqu\u00ed<\/a><\/u><\/p>\n<h2><\/h2>\n<h2><\/h2>\n<h2><\/h2>\n<h2><\/h2>\n<h2><\/h2>\n<h2>INFORMACI\u00d3N IMPORTANTE:<\/h2>\n<p>&#8211;\u00a0\u00a0\u00a0 Debes contar con un usuario de MI ARGENTINA, y una cuenta CBU\/CVU de billetera virtual disponible.<\/p>\n<p>&nbsp;<\/p>\n<p>[\/et_pb_text][\/et_pb_column][\/et_pb_row][et_pb_row _builder_version=\u00bb4.23.4&#8243; _module_preset=\u00bbdefault\u00bb width=\u00bb25%\u00bb global_colors_info=\u00bb{}\u00bb][et_pb_column type=\u00bb4_4&#8243; _builder_version=\u00bb4.23.4&#8243; _module_preset=\u00bbdefault\u00bb global_colors_info=\u00bb{}\u00bb][et_pb_text _builder_version=\u00bb4.23.4&#8243; _module_preset=\u00bbdefault\u00bb custom_padding=\u00bb|||0px||\u00bb global_colors_info=\u00bb{}\u00bb]<\/p>\n<h4><strong>Para realizar la inscripci\u00f3n solicitar turno aqu\u00ed:<\/strong><\/h4>\n<h4><strong><a href=\"http:\/\/www.coloniaavellaneda.boletaweb.com.ar\/\" target=\"_blank\" rel=\"noopener\">www.coloniaavellaneda.boletaweb.com.ar\/<\/a><\/strong><strong style=\"font-size: 18px;\">\u00a0<\/strong><\/h4>\n<p>[\/et_pb_text][\/et_pb_column][\/et_pb_row][\/et_pb_section]<\/p>\n","protected":false},"excerpt":{"rendered":"<p>El 24 de noviembre de 2021 el Intendente Municipal Ariel Weiss dio creaci\u00f3n a trav\u00e9s del Decreto N\u00b0 229 al \u00c1REA MUNICIPAL DE JUVENTUD con el objetivo de poner \u00e9nfasis en la participaci\u00f3n y protagonismo de las juventudes, y que estas tengan injerencia en la formulaci\u00f3n, el dise\u00f1o y la ejecuci\u00f3n de Pol\u00edticas P\u00fablicas de [&hellip;]<\/p>\n","protected":false},"author":1,"featured_media":0,"parent":0,"menu_order":0,"comment_status":"closed","ping_status":"closed","template":"","meta":{"_et_pb_use_builder":"on","_et_pb_old_content":"","_et_gb_content_width":"","footnotes":""},"class_list":["post-5885","page","type-page","status-publish","hentry"],"_links":{"self":[{"href":"https:\/\/coloniaavellaneda.gob.ar\/web\/wp-json\/wp\/v2\/pages\/5885","targetHints":{"allow":["GET"]}}],"collection":[{"href":"https:\/\/coloniaavellaneda.gob.ar\/web\/wp-json\/wp\/v2\/pages"}],"about":[{"href":"https:\/\/coloniaavellaneda.gob.ar\/web\/wp-json\/wp\/v2\/types\/page"}],"author":[{"embeddable":true,"href":"https:\/\/coloniaavellaneda.gob.ar\/web\/wp-json\/wp\/v2\/users\/1"}],"replies":[{"embeddable":true,"href":"https:\/\/coloniaavellaneda.gob.ar\/web\/wp-json\/wp\/v2\/comments?post=5885"}],"version-history":[{"count":21,"href":"https:\/\/coloniaavellaneda.gob.ar\/web\/wp-json\/wp\/v2\/pages\/5885\/revisions"}],"predecessor-version":[{"id":6038,"href":"https:\/\/coloniaavellaneda.gob.ar\/web\/wp-json\/wp\/v2\/pages\/5885\/revisions\/6038"}],"wp:attachment":[{"href":"https:\/\/coloniaavellaneda.gob.ar\/web\/wp-json\/wp\/v2\/media?parent=5885"}],"curies":[{"name":"wp","href":"https:\/\/api.w.org\/{rel}","templated":true}]}}