{"id":6063,"date":"2025-09-12T14:51:15","date_gmt":"2025-09-12T14:51:15","guid":{"rendered":"https:\/\/coloniaavellaneda.gob.ar\/web\/?page_id=6063"},"modified":"2025-11-19T22:25:39","modified_gmt":"2025-11-19T22:25:39","slug":"mujer-genero-y-diversidad","status":"publish","type":"page","link":"https:\/\/coloniaavellaneda.gob.ar\/web\/mujer-genero-y-diversidad\/","title":{"rendered":"Mujer, G\u00e9nero y Diversidad"},"content":{"rendered":"<p>[et_pb_section fb_built=\u00bb1&#8243; _builder_version=\u00bb4.27.4&#8243; _module_preset=\u00bbdefault\u00bb global_colors_info=\u00bb{}\u00bb][et_pb_row _builder_version=\u00bb4.27.4&#8243; _module_preset=\u00bbdefault\u00bb global_colors_info=\u00bb{}\u00bb][et_pb_column type=\u00bb4_4&#8243; _builder_version=\u00bb4.27.4&#8243; _module_preset=\u00bbdefault\u00bb global_colors_info=\u00bb{}\u00bb][et_pb_accordion _builder_version=\u00bb4.27.4&#8243; _module_preset=\u00bbdefault\u00bb hover_enabled=\u00bb0&#8243; global_colors_info=\u00bb{}\u00bb link_option_url_new_window=\u00bbon\u00bb sticky_enabled=\u00bb0&#8243;][et_pb_accordion_item title=\u00bbMujer, G\u00e9nero y Diversidad\u00bb _builder_version=\u00bb4.27.4&#8243; _module_preset=\u00bbdefault\u00bb hover_enabled=\u00bb0&#8243; global_colors_info=\u00bb{}\u00bb sticky_enabled=\u00bb0&#8243; open=\u00bbon\u00bb]<\/p>\n<p>El \u00c1rea de Mujer, G\u00e9nero y Diversidad de Colonia Avellaneda trabaja en la promoci\u00f3n de derechos y en la construcci\u00f3n de una sociedad m\u00e1s justa e igualitaria.<\/p>\n<p>Desde el municipio acompa\u00f1amos a mujeres y personas del colectivo LGBTI+ frente a situaciones de violencia de g\u00e9nero, familiar o discriminaci\u00f3n.<\/p>\n<p>Nuestro equipo brinda atenci\u00f3n personalizada, orientaci\u00f3n legal y psicol\u00f3gica, acompa\u00f1amiento en denuncias y gestiones judiciales, as\u00ed como el acceso a programas de asistencia social y econ\u00f3mica. Tambi\u00e9n desarrollamos talleres, capacitaciones y campa\u00f1as de sensibilizaci\u00f3n para la comunidad, con el fin de prevenir la violencia y promover relaciones libres de desigualdad.<\/p>\n<p>Si estas atravesando una situaci\u00f3n de violencia, discriminaci\u00f3n o vulneraci\u00f3n de derechos, no est\u00e1s sola. Te escuchamos, te acompa\u00f1amos y te orientamos para que sepas cu\u00e1les son tus opciones y adonde concurrir por asistencia.<\/p>\n<p><strong>La atenci\u00f3n que te brindaremos es confidencial y gratuita.<\/strong><\/p>\n<p>Asimismo, trabajamos en la comunidad con talleres, charlas y actividades para que juntas y juntos construyamos una Colonia Avellaneda m\u00e1s igualitaria y libre de violencias.<\/p>\n<p><strong>\u00a0<\/strong><\/p>\n<p>Horarios de atenci\u00f3n: de lunes a viernes de 07:30 a 13:00hs.<\/p>\n<p>Direcci\u00f3n: Ruta 12 km 13.<\/p>\n<p><strong>Contacto:<\/strong><\/p>\n<p><u>V\u00eda telef\u00f3nica:<\/u> 3434 52-4658<\/p>\n<p><strong>Tel\u00e9fonos \u00fatiles (polic\u00eda 911, 144, etc.).<\/strong><\/p>\n<p>Bot\u00f3n de link directo para denuncias online: <a href=\"https:\/\/www.jusentrerios.gov.ar\/fotmulario-de-denuncia-ovg\/\">https:\/\/www.jusentrerios.gov.ar\/fotmulario-de-denuncia-ovg\/<\/a>\u00a0<\/p>\n<p>[\/et_pb_accordion_item][\/et_pb_accordion][\/et_pb_column][\/et_pb_row][\/et_pb_section]<\/p>\n","protected":false},"excerpt":{"rendered":"<p>El \u00c1rea de Mujer, G\u00e9nero y Diversidad de Colonia Avellaneda trabaja en la promoci\u00f3n de derechos y en la construcci\u00f3n de una sociedad m\u00e1s justa e igualitaria. Desde el municipio acompa\u00f1amos a mujeres y personas del colectivo LGBTI+ frente a situaciones de violencia de g\u00e9nero, familiar o discriminaci\u00f3n. Nuestro equipo brinda atenci\u00f3n personalizada, orientaci\u00f3n legal [&hellip;]<\/p>\n","protected":false},"author":1,"featured_media":0,"parent":0,"menu_order":0,"comment_status":"closed","ping_status":"closed","template":"","meta":{"_et_pb_use_builder":"on","_et_pb_old_content":"","_et_gb_content_width":"","footnotes":""},"class_list":["post-6063","page","type-page","status-publish","hentry"],"_links":{"self":[{"href":"https:\/\/coloniaavellaneda.gob.ar\/web\/wp-json\/wp\/v2\/pages\/6063","targetHints":{"allow":["GET"]}}],"collection":[{"href":"https:\/\/coloniaavellaneda.gob.ar\/web\/wp-json\/wp\/v2\/pages"}],"about":[{"href":"https:\/\/coloniaavellaneda.gob.ar\/web\/wp-json\/wp\/v2\/types\/page"}],"author":[{"embeddable":true,"href":"https:\/\/coloniaavellaneda.gob.ar\/web\/wp-json\/wp\/v2\/users\/1"}],"replies":[{"embeddable":true,"href":"https:\/\/coloniaavellaneda.gob.ar\/web\/wp-json\/wp\/v2\/comments?post=6063"}],"version-history":[{"count":4,"href":"https:\/\/coloniaavellaneda.gob.ar\/web\/wp-json\/wp\/v2\/pages\/6063\/revisions"}],"predecessor-version":[{"id":6587,"href":"https:\/\/coloniaavellaneda.gob.ar\/web\/wp-json\/wp\/v2\/pages\/6063\/revisions\/6587"}],"wp:attachment":[{"href":"https:\/\/coloniaavellaneda.gob.ar\/web\/wp-json\/wp\/v2\/media?parent=6063"}],"curies":[{"name":"wp","href":"https:\/\/api.w.org\/{rel}","templated":true}]}}