{"id":6069,"date":"2025-09-12T14:55:06","date_gmt":"2025-09-12T14:55:06","guid":{"rendered":"https:\/\/coloniaavellaneda.gob.ar\/web\/?page_id=6069"},"modified":"2025-11-19T22:28:36","modified_gmt":"2025-11-19T22:28:36","slug":"turismo-y-produccion","status":"publish","type":"page","link":"https:\/\/coloniaavellaneda.gob.ar\/web\/turismo-y-produccion\/","title":{"rendered":"Turismo y Producci\u00f3n"},"content":{"rendered":"<p>[et_pb_section fb_built=\u00bb1&#8243; _builder_version=\u00bb4.27.4&#8243; _module_preset=\u00bbdefault\u00bb link_option_url=\u00bbwww.rionativo.com.ar\u00bb global_colors_info=\u00bb{}\u00bb][et_pb_row _builder_version=\u00bb4.27.4&#8243; _module_preset=\u00bbdefault\u00bb global_colors_info=\u00bb{}\u00bb][et_pb_column type=\u00bb4_4&#8243; _builder_version=\u00bb4.27.4&#8243; _module_preset=\u00bbdefault\u00bb global_colors_info=\u00bb{}\u00bb][et_pb_accordion _builder_version=\u00bb4.27.4&#8243; _module_preset=\u00bbdefault\u00bb link_option_url_new_window=\u00bbon\u00bb hover_enabled=\u00bb0&#8243; global_colors_info=\u00bb{}\u00bb sticky_enabled=\u00bb0&#8243;][et_pb_accordion_item title=\u00bbTurismo y Producci\u00f3n\u00bb open=\u00bbon\u00bb _builder_version=\u00bb4.27.4&#8243; _module_preset=\u00bbdefault\u00bb hover_enabled=\u00bb0&#8243; global_colors_info=\u00bb{}\u00bb sticky_enabled=\u00bb0&#8243;]<\/p>\n<p>Horario de atenci\u00f3n: de 08:00hs a 13:00hs<\/p>\n<p>Centro Cultural Jos\u00e9 Hern\u00e1ndez<\/p>\n<p>Calle Patat y Montorfano<\/p>\n<p>Celular: 3434256465<\/p>\n<p>Email: producci\u00f3n@coloniaavellaneda.gob.ar- produccionyturismoca@gmail.com<\/p>\n<p>Instagram: turismo.coloniaavellaneda<\/p>\n<p>&nbsp;<\/p>\n<p>Producci\u00f3n:<\/p>\n<p>Impulsamos el desarrollo econ\u00f3mico local, acompa\u00f1ando a los sectores productivos de la localidad, empresas, pymes y emprendedores.<\/p>\n<p>&nbsp;<\/p>\n<p>Asesoramiento y acompa\u00f1amiento en la gesti\u00f3n de programas y financiamiento.<\/p>\n<p>&nbsp;<\/p>\n<p>Difundir y tramitar l\u00edneas de cr\u00e9dito y subsidios del estado Nacional, Provincial y Municipal de apoyo para productores.<\/p>\n<p>&nbsp;<\/p>\n<p>Promoci\u00f3n de producci\u00f3n local en ferias, festivales, mercados de productores, apoyo a la econom\u00eda social y al consumo local.<\/p>\n<p>&nbsp;<\/p>\n<p>Generando m\u00e1s y mejores oportunidades de trabajo para fortalecer la econom\u00eda local, articulando con vecinos, instituciones y distintas \u00c1reas del Estado Municipal.<\/p>\n<p>&nbsp;<\/p>\n<p>Programa Municipal \u201cColonia Siembra\u201d<\/p>\n<p>El Programa consiste en la entrega de semillas de estaci\u00f3n, a realizarse dos veces al a\u00f1o; oto\u00f1o-invierno, primavera-verano, con el objetivo de garantizar el acceso a productos de huerta saludables para una alimentaci\u00f3n adecuada, las mismas son adquiridas con fondos Municipales.<\/p>\n<p>&nbsp;<\/p>\n<p>Turismo:<\/p>\n<p>Programa \u201cCome en Colonia\u201d<\/p>\n<p>Promociona en conjunto con el sector privado una oferta gastron\u00f3mica mensual con el objetivo de posicionarnos en ser una alternativa frecuente para la regi\u00f3n.<\/p>\n<p>&nbsp;<\/p>\n<p>Colonia Avellaneda es parte de la Microrregi\u00f3n Rio Nativo.<\/p>\n<p>Rio Nativo es una microrregi\u00f3n del noroeste entrerriano compuesta por 25 localidades, algunas con una extensa trayectoria tur\u00edstica y otras con mucho por descubrir.<\/p>\n<p><a href=\"http:\/\/www.rionativo.com.ar\">www.rionativo.com.ar<\/a><\/p>\n<p>[\/et_pb_accordion_item][\/et_pb_accordion][\/et_pb_column][\/et_pb_row][\/et_pb_section]<\/p>\n","protected":false},"excerpt":{"rendered":"<p>Horario de atenci\u00f3n: de 08:00hs a 13:00hs Centro Cultural Jos\u00e9 Hern\u00e1ndez Calle Patat y Montorfano Celular: 3434256465 Email: producci\u00f3n@coloniaavellaneda.gob.ar- produccionyturismoca@gmail.com Instagram: turismo.coloniaavellaneda &nbsp; Producci\u00f3n: Impulsamos el desarrollo econ\u00f3mico local, acompa\u00f1ando a los sectores productivos de la localidad, empresas, pymes y emprendedores. &nbsp; Asesoramiento y acompa\u00f1amiento en la gesti\u00f3n de programas y financiamiento. &nbsp; Difundir y [&hellip;]<\/p>\n","protected":false},"author":1,"featured_media":0,"parent":0,"menu_order":0,"comment_status":"closed","ping_status":"closed","template":"","meta":{"_et_pb_use_builder":"on","_et_pb_old_content":"","_et_gb_content_width":"","footnotes":""},"class_list":["post-6069","page","type-page","status-publish","hentry"],"_links":{"self":[{"href":"https:\/\/coloniaavellaneda.gob.ar\/web\/wp-json\/wp\/v2\/pages\/6069","targetHints":{"allow":["GET"]}}],"collection":[{"href":"https:\/\/coloniaavellaneda.gob.ar\/web\/wp-json\/wp\/v2\/pages"}],"about":[{"href":"https:\/\/coloniaavellaneda.gob.ar\/web\/wp-json\/wp\/v2\/types\/page"}],"author":[{"embeddable":true,"href":"https:\/\/coloniaavellaneda.gob.ar\/web\/wp-json\/wp\/v2\/users\/1"}],"replies":[{"embeddable":true,"href":"https:\/\/coloniaavellaneda.gob.ar\/web\/wp-json\/wp\/v2\/comments?post=6069"}],"version-history":[{"count":7,"href":"https:\/\/coloniaavellaneda.gob.ar\/web\/wp-json\/wp\/v2\/pages\/6069\/revisions"}],"predecessor-version":[{"id":6590,"href":"https:\/\/coloniaavellaneda.gob.ar\/web\/wp-json\/wp\/v2\/pages\/6069\/revisions\/6590"}],"wp:attachment":[{"href":"https:\/\/coloniaavellaneda.gob.ar\/web\/wp-json\/wp\/v2\/media?parent=6069"}],"curies":[{"name":"wp","href":"https:\/\/api.w.org\/{rel}","templated":true}]}}